{"id":909,"date":"2020-09-25T06:05:32","date_gmt":"2020-09-25T03:05:32","guid":{"rendered":"https:\/\/smartments.psdev.lv\/about-us\/"},"modified":"2022-03-11T13:30:25","modified_gmt":"2022-03-11T11:30:25","slug":"uber-uns","status":"publish","type":"page","link":"https:\/\/youthments.com\/de\/uber-uns\/","title":{"rendered":"\u00dcber uns"},"content":{"rendered":"<p>S<span style=\"color: #333333;\">tudentenwohnheim YouthMents Riga befindet sich in einem Geb\u00e4ude des ehemaligen Instituts f\u00fcr Eisenbahnverkehrsingenieure. Es ist ein vollst\u00e4ndig renoviertes Apartmentgeb\u00e4ude, in welchen einige Elemente des alten Geb\u00e4udes bewahren wurden. Studentenhotel YouthMents bringt begeisterte, aufgeschlossene und junge Menschen zusammen. Ein industrielles Flair verbindet sich hier mit einer zeitgem\u00e4\u00dfer Ber\u00fchrung.<\/span><\/p>\n<p><img decoding=\"async\" loading=\"lazy\" class=\"alignnone wp-image-2541 size-full\" src=\"https:\/\/youthments.com\/wp-content\/uploads\/2021\/03\/111.jpg\" alt=\"\" width=\"1920\" height=\"1280\" srcset=\"https:\/\/youthments.com\/wp-content\/uploads\/2021\/03\/111.jpg 1920w, https:\/\/youthments.com\/wp-content\/uploads\/2021\/03\/111-300x200.jpg 300w, https:\/\/youthments.com\/wp-content\/uploads\/2021\/03\/111-1024x683.jpg 1024w, https:\/\/youthments.com\/wp-content\/uploads\/2021\/03\/111-768x512.jpg 768w, https:\/\/youthments.com\/wp-content\/uploads\/2021\/03\/111-1536x1024.jpg 1536w, https:\/\/youthments.com\/wp-content\/uploads\/2021\/03\/111-1500x1000.jpg 1500w\" sizes=\"(max-width: 1920px) 100vw, 1920px\" \/><\/p>\n<h2><span style=\"color: #333333;\">LAGE<\/span><\/h2>\n<p><span style=\"color: #333333;\">Studentenwohnheim YouthMents Riga befindet sich in einem historischen und gr\u00fcnen Rigaer Stadtteil &#8211; Tor\u0146akalns (Turm H\u00fcgel). Es befindet sich auf der linken Seite des Daugava-Flusses, bekannt als P\u0101rdaugava. Heutzutage ziehen immer mehr Menschen, insbesondere j\u00fcngere, aus dem Stadtzentrum in diesen Stadtteil, aufgrund vieler Gr\u00fcnfl\u00e4chen, entspannten Atmosph\u00e4re und der Zunahme trendiger Unterhaltungsorte. Der Name Tor\u0146akalns leitet sich von einem befestigten Turm ab, der im Mittelalter in der N\u00e4he des Flusses Daugava errichtet wurde.<\/span><\/p>\n<p><span style=\"color: #333333;\">M\u0101ras d\u0101rzs (Mara Garten) umgibt den M\u0101ras d\u012b\u0137is (Mara Teich) und ist nur 9 Gehminuten von YouthMents entfernt. Es ist ein gro\u00dfartiger Park, um sich zu entspannen, Sport treiben, spazieren zu gehen und der Natur nahe zu sein. Der M\u0101rup\u012bte (Mara Fluss) f\u00fchrt dann weiter in die Ark\u0101dijas Parks (Arkadischer Park), wo die Landschaftsgestaltung des fr\u00fchen 20. Jahrhunderts eine Oase der Stadt darstellt. Es ist ein romantischer und wundersch\u00f6ner Park nur 7 Gehminuten von YouthMents Studentenwohnungen entfernt.<\/span><\/p>\n<h2><span style=\"color: #333333;\">WER SIND WIR<\/span><\/h2>\n<p><span style=\"color: #333333;\">Studentenunterkunft YouthMents Riga wurde speziell f\u00fcr Studenten und junge Personen entwickelt, die sich einen Monat oder l\u00e4nger in Riga aufhalten. Wir haben <a style=\"color: #333333;\" href=\"https:\/\/youthments.com\/de\/mietwohnungen-riga\/\">90 Wohnungen<\/a> f\u00fcr 1 oder 2 Personen. YouthMents hat fantastische <a style=\"color: #333333;\" href=\"https:\/\/youthments.com\/de\/einrichtungen\/\">Einrichtungen<\/a>, einschlie\u00dflich einen <a style=\"color: #333333;\" href=\"https:\/\/youthments.com\/de\/wohnzimmer\/\">Gemeinschaftsraum<\/a> mit toller Austattung, einen <a style=\"color: #333333;\" href=\"https:\/\/youthments.com\/de\/fitnessraum-yoga-raum\/\">Fitnessraum<\/a>, ein <a style=\"color: #333333;\" href=\"https:\/\/youthments.com\/de\/waschsalon\/\">Waschsalon<\/a> und einen <a style=\"color: #333333;\" href=\"https:\/\/youthments.com\/de\/fahrradkeller\/\">Fahrradkeller<\/a>. Wir haben ein ausgezeichnetes Sicherheitssystem, die T\u00fcrschl\u00f6sser mit Barcode-Scanner und schnelles WiFi. W\u00e4hle eine hochwertige Unterkunft, w\u00e4hle YouthMents!<\/span><\/p>\n<h3><span style=\"color: #333333;\">Unsere Mission:<\/span><\/h3>\n<p><span style=\"color: #333333;\">YouthMents verk\u00f6rpert den Studentengeist und bietet komfortable und moderne Apartments, in denen man leben kann, und eine gro\u00dfartige Gemeinschaft, an der man teilnehmen kann, w\u00e4hrend es gleichzeitig einen hohen Service, eine positive Atmosph\u00e4re und nachhaltige Praktiken bietet.<\/span><\/p>\n<h3><span style=\"color: #333333;\">Unsere Vision:<\/span><\/h3>\n<p><span style=\"color: #333333;\">YouthMents &#8211; das begehrteste Studentenhotel in Riga!<\/span><\/p>\n<h3><span style=\"color: #333333;\">Unsere Werte:<\/span><\/h3>\n<ul>\n<li><span style=\"color: #333333;\"><strong>Offenheit<\/strong> &#8211; wir sind tolerant, inklusiv und wir m\u00f6gen Vielfalt.<\/span><\/li>\n<li><span style=\"color: #333333;\"><strong>Studentengeist<\/strong> &#8211; wir sind immer jung, aktiv und lustig.<\/span><\/li>\n<li><span style=\"color: #333333;\"><strong>Begeisterung<\/strong> &#8211; wir arbeiten und leben mit Freude, Leidenschaft und Interesse.<\/span><\/li>\n<li><span style=\"color: #333333;\"><strong>Neugier<\/strong> &#8211; wir glauben an ein lebenslanges Lernen.<\/span><\/li>\n<li><span style=\"color: #333333;\"><strong>Nachhaltigkeit<\/strong> &#8211; Wir stehen f\u00fcr umweltfreundliches Leben und Gesch\u00e4ft.<\/span><\/li>\n<li><span style=\"color: #333333;\"><strong>Bewusstsein<\/strong> &#8211; nur wenn wir anderen Gutes tun, k\u00f6nnen wir uns positiv auf alle auswirken.<\/span><\/li>\n<\/ul>\n","protected":false},"excerpt":{"rendered":"<p>Studentenwohnheim YouthMents Riga befindet sich in einem Geb\u00e4ude des ehemaligen Instituts f\u00fcr Eisenbahnverkehrsingenieure. Es ist ein vollst\u00e4ndig renoviertes Apartmentgeb\u00e4ude, in welchen einige Elemente des alten Geb\u00e4udes bewahren wurden. Studentenhotel YouthMents bringt begeisterte, aufgeschlossene und junge Menschen zusammen. Ein industrielles Flair verbindet sich hier mit einer zeitgem\u00e4\u00dfer Ber\u00fchrung. LAGE Studentenwohnheim YouthMents Riga befindet sich in einem&#8230;<\/p>\n","protected":false},"author":1,"featured_media":2541,"parent":0,"menu_order":0,"comment_status":"closed","ping_status":"closed","template":"about.php","meta":{"inline_featured_image":false},"acf":[],"yoast_head":"<!-- This site is optimized with the Yoast SEO plugin v21.8.1 - https:\/\/yoast.com\/wordpress\/plugins\/seo\/ -->\n<title>Studentenwohnheim Riga | \u00dcber uns - YouthMents<\/title>\n<meta name=\"description\" content=\"Studentenwohnheim YouthMents in Riga ist ein vollst\u00e4ndig renoviertes Apartmentgeb\u00e4ude die bringt aufgeschlossene und junge Menschen zusammen.\" \/>\n<meta name=\"robots\" content=\"index, follow, max-snippet:-1, max-image-preview:large, max-video-preview:-1\" \/>\n<link rel=\"canonical\" href=\"https:\/\/youthments.com\/de\/uber-uns\/\" \/>\n<meta property=\"og:locale\" content=\"de_DE\" \/>\n<meta property=\"og:type\" content=\"article\" \/>\n<meta property=\"og:title\" content=\"Studentenwohnheim Riga | \u00dcber uns - YouthMents\" \/>\n<meta property=\"og:description\" content=\"Studentenwohnheim YouthMents in Riga ist ein vollst\u00e4ndig renoviertes Apartmentgeb\u00e4ude die bringt aufgeschlossene und junge Menschen zusammen.\" \/>\n<meta property=\"og:url\" content=\"https:\/\/youthments.com\/de\/uber-uns\/\" \/>\n<meta property=\"og:site_name\" content=\"youthments.com\" \/>\n<meta property=\"article:publisher\" content=\"https:\/\/www.facebook.com\/SMARTmentsRiga\/\" \/>\n<meta property=\"article:modified_time\" content=\"2022-03-11T11:30:25+00:00\" \/>\n<meta property=\"og:image\" content=\"https:\/\/youthments.com\/wp-content\/uploads\/2021\/03\/111.jpg\" \/>\n\t<meta property=\"og:image:width\" content=\"1920\" \/>\n\t<meta property=\"og:image:height\" content=\"1280\" \/>\n\t<meta property=\"og:image:type\" content=\"image\/jpeg\" \/>\n<meta name=\"twitter:card\" content=\"summary_large_image\" \/>\n<meta name=\"twitter:label1\" content=\"Gesch\u00e4tzte Lesezeit\" \/>\n\t<meta name=\"twitter:data1\" content=\"2\u00a0Minuten\" \/>\n<script type=\"application\/ld+json\" class=\"yoast-schema-graph\">{\"@context\":\"https:\/\/schema.org\",\"@graph\":[{\"@type\":\"WebPage\",\"@id\":\"https:\/\/youthments.com\/de\/uber-uns\/\",\"url\":\"https:\/\/youthments.com\/de\/uber-uns\/\",\"name\":\"Studentenwohnheim Riga | \u00dcber uns - YouthMents\",\"isPartOf\":{\"@id\":\"https:\/\/youthments.com\/de\/#website\"},\"datePublished\":\"2020-09-25T03:05:32+00:00\",\"dateModified\":\"2022-03-11T11:30:25+00:00\",\"description\":\"Studentenwohnheim YouthMents in Riga ist ein vollst\u00e4ndig renoviertes Apartmentgeb\u00e4ude die bringt aufgeschlossene und junge Menschen zusammen.\",\"breadcrumb\":{\"@id\":\"https:\/\/youthments.com\/de\/uber-uns\/#breadcrumb\"},\"inLanguage\":\"de\",\"potentialAction\":[{\"@type\":\"ReadAction\",\"target\":[\"https:\/\/youthments.com\/de\/uber-uns\/\"]}]},{\"@type\":\"BreadcrumbList\",\"@id\":\"https:\/\/youthments.com\/de\/uber-uns\/#breadcrumb\",\"itemListElement\":[{\"@type\":\"ListItem\",\"position\":1,\"name\":\"Home\",\"item\":\"https:\/\/youthments.com\/de\/\"},{\"@type\":\"ListItem\",\"position\":2,\"name\":\"\u00dcber uns\"}]},{\"@type\":\"WebSite\",\"@id\":\"https:\/\/youthments.com\/de\/#website\",\"url\":\"https:\/\/youthments.com\/de\/\",\"name\":\"youthments.com\",\"description\":\"Student Hotel in Riga\",\"publisher\":{\"@id\":\"https:\/\/youthments.com\/de\/#organization\"},\"potentialAction\":[{\"@type\":\"SearchAction\",\"target\":{\"@type\":\"EntryPoint\",\"urlTemplate\":\"https:\/\/youthments.com\/de\/?s={search_term_string}\"},\"query-input\":\"required name=search_term_string\"}],\"inLanguage\":\"de\"},{\"@type\":\"Organization\",\"@id\":\"https:\/\/youthments.com\/de\/#organization\",\"name\":\"SMARTments\",\"url\":\"https:\/\/youthments.com\/de\/\",\"logo\":{\"@type\":\"ImageObject\",\"inLanguage\":\"de\",\"@id\":\"https:\/\/youthments.com\/de\/#\/schema\/logo\/image\/\",\"url\":\"https:\/\/youthments.com\/wp-content\/uploads\/2020\/12\/smartments-logo-en-1.png\",\"contentUrl\":\"https:\/\/youthments.com\/wp-content\/uploads\/2020\/12\/smartments-logo-en-1.png\",\"width\":1068,\"height\":194,\"caption\":\"SMARTments\"},\"image\":{\"@id\":\"https:\/\/youthments.com\/de\/#\/schema\/logo\/image\/\"},\"sameAs\":[\"https:\/\/www.facebook.com\/SMARTmentsRiga\/\",\"https:\/\/www.instagram.com\/smartments.riga\/\"]}]}<\/script>\n<!-- \/ Yoast SEO plugin. -->","yoast_head_json":{"title":"Studentenwohnheim Riga | \u00dcber uns - YouthMents","description":"Studentenwohnheim YouthMents in Riga ist ein vollst\u00e4ndig renoviertes Apartmentgeb\u00e4ude die bringt aufgeschlossene und junge Menschen zusammen.","robots":{"index":"index","follow":"follow","max-snippet":"max-snippet:-1","max-image-preview":"max-image-preview:large","max-video-preview":"max-video-preview:-1"},"canonical":"https:\/\/youthments.com\/de\/uber-uns\/","og_locale":"de_DE","og_type":"article","og_title":"Studentenwohnheim Riga | \u00dcber uns - YouthMents","og_description":"Studentenwohnheim YouthMents in Riga ist ein vollst\u00e4ndig renoviertes Apartmentgeb\u00e4ude die bringt aufgeschlossene und junge Menschen zusammen.","og_url":"https:\/\/youthments.com\/de\/uber-uns\/","og_site_name":"youthments.com","article_publisher":"https:\/\/www.facebook.com\/SMARTmentsRiga\/","article_modified_time":"2022-03-11T11:30:25+00:00","og_image":[{"width":1920,"height":1280,"url":"https:\/\/youthments.com\/wp-content\/uploads\/2021\/03\/111.jpg","type":"image\/jpeg"}],"twitter_card":"summary_large_image","twitter_misc":{"Gesch\u00e4tzte Lesezeit":"2\u00a0Minuten"},"schema":{"@context":"https:\/\/schema.org","@graph":[{"@type":"WebPage","@id":"https:\/\/youthments.com\/de\/uber-uns\/","url":"https:\/\/youthments.com\/de\/uber-uns\/","name":"Studentenwohnheim Riga | \u00dcber uns - YouthMents","isPartOf":{"@id":"https:\/\/youthments.com\/de\/#website"},"datePublished":"2020-09-25T03:05:32+00:00","dateModified":"2022-03-11T11:30:25+00:00","description":"Studentenwohnheim YouthMents in Riga ist ein vollst\u00e4ndig renoviertes Apartmentgeb\u00e4ude die bringt aufgeschlossene und junge Menschen zusammen.","breadcrumb":{"@id":"https:\/\/youthments.com\/de\/uber-uns\/#breadcrumb"},"inLanguage":"de","potentialAction":[{"@type":"ReadAction","target":["https:\/\/youthments.com\/de\/uber-uns\/"]}]},{"@type":"BreadcrumbList","@id":"https:\/\/youthments.com\/de\/uber-uns\/#breadcrumb","itemListElement":[{"@type":"ListItem","position":1,"name":"Home","item":"https:\/\/youthments.com\/de\/"},{"@type":"ListItem","position":2,"name":"\u00dcber uns"}]},{"@type":"WebSite","@id":"https:\/\/youthments.com\/de\/#website","url":"https:\/\/youthments.com\/de\/","name":"youthments.com","description":"Student Hotel in Riga","publisher":{"@id":"https:\/\/youthments.com\/de\/#organization"},"potentialAction":[{"@type":"SearchAction","target":{"@type":"EntryPoint","urlTemplate":"https:\/\/youthments.com\/de\/?s={search_term_string}"},"query-input":"required name=search_term_string"}],"inLanguage":"de"},{"@type":"Organization","@id":"https:\/\/youthments.com\/de\/#organization","name":"SMARTments","url":"https:\/\/youthments.com\/de\/","logo":{"@type":"ImageObject","inLanguage":"de","@id":"https:\/\/youthments.com\/de\/#\/schema\/logo\/image\/","url":"https:\/\/youthments.com\/wp-content\/uploads\/2020\/12\/smartments-logo-en-1.png","contentUrl":"https:\/\/youthments.com\/wp-content\/uploads\/2020\/12\/smartments-logo-en-1.png","width":1068,"height":194,"caption":"SMARTments"},"image":{"@id":"https:\/\/youthments.com\/de\/#\/schema\/logo\/image\/"},"sameAs":["https:\/\/www.facebook.com\/SMARTmentsRiga\/","https:\/\/www.instagram.com\/smartments.riga\/"]}]}},"_links":{"self":[{"href":"https:\/\/youthments.com\/de\/wp-json\/wp\/v2\/pages\/909"}],"collection":[{"href":"https:\/\/youthments.com\/de\/wp-json\/wp\/v2\/pages"}],"about":[{"href":"https:\/\/youthments.com\/de\/wp-json\/wp\/v2\/types\/page"}],"author":[{"embeddable":true,"href":"https:\/\/youthments.com\/de\/wp-json\/wp\/v2\/users\/1"}],"replies":[{"embeddable":true,"href":"https:\/\/youthments.com\/de\/wp-json\/wp\/v2\/comments?post=909"}],"version-history":[{"count":13,"href":"https:\/\/youthments.com\/de\/wp-json\/wp\/v2\/pages\/909\/revisions"}],"predecessor-version":[{"id":3427,"href":"https:\/\/youthments.com\/de\/wp-json\/wp\/v2\/pages\/909\/revisions\/3427"}],"wp:featuredmedia":[{"embeddable":true,"href":"https:\/\/youthments.com\/de\/wp-json\/wp\/v2\/media\/2541"}],"wp:attachment":[{"href":"https:\/\/youthments.com\/de\/wp-json\/wp\/v2\/media?parent=909"}],"curies":[{"name":"wp","href":"https:\/\/api.w.org\/{rel}","templated":true}]}}