{"id":915,"date":"2020-09-25T03:06:48","date_gmt":"2020-09-25T00:06:48","guid":{"rendered":"https:\/\/smartments.psdev.lv\/contacts\/"},"modified":"2022-03-14T15:16:12","modified_gmt":"2022-03-14T13:16:12","slug":"youthments-kontakte","status":"publish","type":"page","link":"https:\/\/youthments.com\/de\/youthments-kontakte\/","title":{"rendered":"Kontakte"},"content":{"rendered":"<h2>Wie man uns findet<\/h2>\n<h3><span style=\"color: #656a6f;\"><a style=\"color: #656a6f;\" href=\"https:\/\/www.ldz.lv\/en\">Mit dem Zug<\/a><\/span><\/h3>\n<p>Schnell zum Studentenhotel YouthMents Riga oder ins Zentrum. Steig im Hauptbahnhof in den Zug ein und fahr bis Tor\u0146akalns (Richtung J\u016brmala oder Jelgava). Es ist eine Haltestelle und die Fahrt dauert 5 Minuten. Entfernung zu YouthMents: 650 m. Mit dem Zug kannst du auch zu den Tur\u012bba Universit\u00e4t gelangen. Es ist zwei Haltestelle und die Fahrt dauert 4 Minuten.<\/p>\n<h3><span style=\"color: #656a6f;\"><a style=\"color: #656a6f;\" href=\"https:\/\/www.rigassatiksme.lv\/en\/\">Mit dem Bus<\/a><\/span><\/h3>\n<p>Zwei Buslinien bringt dich schnell zum Studentenwohnheim YouthMents Riga oder in die Innenstadt. Nimm die Busse Nr. 23 oder Nr. 26 von Elizabetes iela oder 13. janv\u0101ra iela und fahr bis Satiksmes iela (Richtung &#8211; Balo\u017ei oder Katlakalns). Es ist ~ 6 Haltestelle und die Fahrt dauert 15 Minuten. Entfernung zu YouthMents: 600 m.<\/p>\n<p>Eine andere Buslinie bringt dich schnell zu YouthMents oder zur \/ von der Riga Stradi\u0146\u0161 Universit\u00e4t und der Tur\u012bba Universit\u00e4t. Nimm den Bus Nr. 46 von Satiksmes iela bis Graudu iela (f\u00fcr die Tur\u012bba-Universit\u00e4t) oder bis Bot\u0101niskais d\u0101rzs (f\u00fcr die Riga Stradi\u0146\u0161 Universit\u00e4t). Die Fahrt dauert 11 &#8211; 15 Minuten.<\/p>\n<h3><span style=\"color: #656a6f;\"><a style=\"color: #656a6f;\" href=\"https:\/\/www.rigassatiksme.lv\/en\/\">Mit dem Trolleybus<\/a><\/span><\/h3>\n<p>Eine Trolleybuslinie bringt dich schnell zur Mietwohnungen YouthMents Riga oder in die Innenstadt. Nimm die Trolleybus Nr. 27 vom Hauptbahnhof oder Gr\u0113cinieku iela und fahr bis Satiksmes iela (Richtung &#8211; Ziepniekkalns). Es ist 9 Haltestelle und die Fahrt dauert 15 Minuten. Entfernung zu YouthMents: 600 m. Mit diesem Trolleybus kannst du auch die Universit\u00e4t Tur\u012bba in 9 Minuten erreichen.<\/p>\n<h3><span style=\"color: #656a6f;\"><a style=\"color: #656a6f;\" href=\"https:\/\/www.rigassatiksme.lv\/en\/\">Mit der Stra\u00dfenbahn<\/a><\/span><\/h3>\n<p>Die Stra\u00dfenbahn bringt dich schnell zu YouthMents oder in die Innenstadt. Nimm die Stra\u00dfenbahn Nr. 10 vom Zentralmarkt oder Gr\u0113cinieku iela und fahr bis Tor\u0146akalna stacija oder Satiksmes iela (Richtung &#8211; Bi\u0161umui\u017ea). Es ist 6 Haltestelle und die Fahrt dauert 14 Minuten. Entfernung zu YouthMents: 400 m oder 450 m.<\/p>\n<h2>Umgebung<\/h2>\n<p><strong>Universit\u00e4ten &amp; Fakult\u00e4ten:<\/strong> Die Universit\u00e4t Lettlands (Hauptgeb\u00e4ude) \u2013 3.8 km, UL Akademisches Zentrum \u2013 1.4 km, UL Fakult\u00e4t f\u00fcr Biologie \u2013 1.5 km, UL Fakult\u00e4t f\u00fcr Physik, Mathematik und Optometrie \u2013 1.4 km, UL Fakult\u00e4t f\u00fcr Geographie und Geowissenschaften \u2013 1.4 km, UL Fakult\u00e4t f\u00fcr Chemie \u2013 1.5 km, UL Fakult\u00e4t f\u00fcr Medizin \u2013 1.5 km, Riga Stradi\u0146\u0161 Universit\u00e4t \u2013 4.2 km, Universit\u00e4t Tur\u012bba \u2013 2.1 km, RISEBA \u2013 2.5 km, Technische Universit\u00e4t Riga (Hauptgeb\u00e4ude) &#8211; 3 km, TUR \u0136\u012bpsala Campus &amp; Fakult\u00e4ten &#8211; 3.6 km, Internationales College f\u00fcr Kosmetologie &#8211; 2.2 km, Die Lettische Musikakademie &#8211; 3.7 km, Rigaer Luftfahrtinstitut &#8211; 4.1 km, Die Kunstakademie Lettlands &#8211; 4.1 km, Lettische Kulturakademie &#8211; 5.5 km.<\/p>\n<p><strong>Parks:<\/strong> Mara Garten &#8211; 850 m, der Arkadia Park &#8211; 550 m, Uzvaras Park &#8211; 1.1 km, Lucavsala &#8211; 3 km, \u0136\u012bpsala \u2013 3.9 km.<\/p>\n<p><strong>Gesch\u00e4fte &amp; Restaurants: <\/strong>Gesch\u00e4ft Maxima &#8211; 550 m, Gesch\u00e4ft Elvi &#8211; 900 m, Gesch\u00e4ft Rimi &#8211; 1.4 km, Hesburger &#8211; 1.4 km, Einkaufszentrum Riga Plaza \u2013 1.5 km, McDonald&#8217;s &#8211; 2.6 km.<\/p>\n<p><strong>Andere:<\/strong> Nationalbibliothek \u2013 2.1 km, Kinderkrankenhaus &#8211; 1 km, Pauls Stradi\u0146\u0161 Klinisches Universit\u00e4tsklinikum \u2013 1.7 km, M\u016bkusala Business Center &#8211; 2.5 km.<\/p>\n<p>&nbsp;<\/p>\n<p>&nbsp;<\/p>\n","protected":false},"excerpt":{"rendered":"<p>Wie man uns findet Mit dem Zug Schnell zum Studentenhotel YouthMents Riga oder ins Zentrum. Steig im Hauptbahnhof in den Zug ein und fahr bis Tor\u0146akalns (Richtung J\u016brmala oder Jelgava). Es ist eine Haltestelle und die Fahrt dauert 5 Minuten. Entfernung zu YouthMents: 650 m. Mit dem Zug kannst du auch zu den Tur\u012bba Universit\u00e4t&#8230;<\/p>\n","protected":false},"author":1,"featured_media":0,"parent":0,"menu_order":0,"comment_status":"closed","ping_status":"closed","template":"contacts.php","meta":{"inline_featured_image":false},"acf":[],"yoast_head":"<!-- This site is optimized with the Yoast SEO plugin v21.8.1 - https:\/\/yoast.com\/wordpress\/plugins\/seo\/ -->\n<title>YouthMents Kontakte | Wohnungen zur Miete in Riga<\/title>\n<meta name=\"description\" content=\"YouthMents Kontakte: Telefon +371 23444432, Email info@youthments.com. Besuchen Sie unsere Website und reservieren Sie ihren Platz bei uns!\" \/>\n<meta name=\"robots\" content=\"index, follow, max-snippet:-1, max-image-preview:large, max-video-preview:-1\" \/>\n<link rel=\"canonical\" href=\"https:\/\/youthments.com\/de\/youthments-kontakte\/\" \/>\n<meta property=\"og:locale\" content=\"de_DE\" \/>\n<meta property=\"og:type\" content=\"article\" \/>\n<meta property=\"og:title\" content=\"YouthMents Kontakte | Wohnungen zur Miete in Riga\" \/>\n<meta property=\"og:description\" content=\"YouthMents Kontakte: Telefon +371 23444432, Email info@youthments.com. Besuchen Sie unsere Website und reservieren Sie ihren Platz bei uns!\" \/>\n<meta property=\"og:url\" content=\"https:\/\/youthments.com\/de\/youthments-kontakte\/\" \/>\n<meta property=\"og:site_name\" content=\"youthments.com\" \/>\n<meta property=\"article:publisher\" content=\"https:\/\/www.facebook.com\/SMARTmentsRiga\/\" \/>\n<meta property=\"article:modified_time\" content=\"2022-03-14T13:16:12+00:00\" \/>\n<meta name=\"twitter:card\" content=\"summary_large_image\" \/>\n<meta name=\"twitter:label1\" content=\"Gesch\u00e4tzte Lesezeit\" \/>\n\t<meta name=\"twitter:data1\" content=\"2\u00a0Minuten\" \/>\n<script type=\"application\/ld+json\" class=\"yoast-schema-graph\">{\"@context\":\"https:\/\/schema.org\",\"@graph\":[{\"@type\":\"WebPage\",\"@id\":\"https:\/\/youthments.com\/de\/youthments-kontakte\/\",\"url\":\"https:\/\/youthments.com\/de\/youthments-kontakte\/\",\"name\":\"YouthMents Kontakte | Wohnungen zur Miete in Riga\",\"isPartOf\":{\"@id\":\"https:\/\/youthments.com\/de\/#website\"},\"datePublished\":\"2020-09-25T00:06:48+00:00\",\"dateModified\":\"2022-03-14T13:16:12+00:00\",\"description\":\"YouthMents Kontakte: Telefon +371 23444432, Email info@youthments.com. Besuchen Sie unsere Website und reservieren Sie ihren Platz bei uns!\",\"breadcrumb\":{\"@id\":\"https:\/\/youthments.com\/de\/youthments-kontakte\/#breadcrumb\"},\"inLanguage\":\"de\",\"potentialAction\":[{\"@type\":\"ReadAction\",\"target\":[\"https:\/\/youthments.com\/de\/youthments-kontakte\/\"]}]},{\"@type\":\"BreadcrumbList\",\"@id\":\"https:\/\/youthments.com\/de\/youthments-kontakte\/#breadcrumb\",\"itemListElement\":[{\"@type\":\"ListItem\",\"position\":1,\"name\":\"Home\",\"item\":\"https:\/\/youthments.com\/de\/\"},{\"@type\":\"ListItem\",\"position\":2,\"name\":\"Kontakte\"}]},{\"@type\":\"WebSite\",\"@id\":\"https:\/\/youthments.com\/de\/#website\",\"url\":\"https:\/\/youthments.com\/de\/\",\"name\":\"youthments.com\",\"description\":\"Student Hotel in Riga\",\"publisher\":{\"@id\":\"https:\/\/youthments.com\/de\/#organization\"},\"potentialAction\":[{\"@type\":\"SearchAction\",\"target\":{\"@type\":\"EntryPoint\",\"urlTemplate\":\"https:\/\/youthments.com\/de\/?s={search_term_string}\"},\"query-input\":\"required name=search_term_string\"}],\"inLanguage\":\"de\"},{\"@type\":\"Organization\",\"@id\":\"https:\/\/youthments.com\/de\/#organization\",\"name\":\"SMARTments\",\"url\":\"https:\/\/youthments.com\/de\/\",\"logo\":{\"@type\":\"ImageObject\",\"inLanguage\":\"de\",\"@id\":\"https:\/\/youthments.com\/de\/#\/schema\/logo\/image\/\",\"url\":\"https:\/\/youthments.com\/wp-content\/uploads\/2020\/12\/smartments-logo-en-1.png\",\"contentUrl\":\"https:\/\/youthments.com\/wp-content\/uploads\/2020\/12\/smartments-logo-en-1.png\",\"width\":1068,\"height\":194,\"caption\":\"SMARTments\"},\"image\":{\"@id\":\"https:\/\/youthments.com\/de\/#\/schema\/logo\/image\/\"},\"sameAs\":[\"https:\/\/www.facebook.com\/SMARTmentsRiga\/\",\"https:\/\/www.instagram.com\/smartments.riga\/\"]}]}<\/script>\n<!-- \/ Yoast SEO plugin. -->","yoast_head_json":{"title":"YouthMents Kontakte | Wohnungen zur Miete in Riga","description":"YouthMents Kontakte: Telefon +371 23444432, Email info@youthments.com. Besuchen Sie unsere Website und reservieren Sie ihren Platz bei uns!","robots":{"index":"index","follow":"follow","max-snippet":"max-snippet:-1","max-image-preview":"max-image-preview:large","max-video-preview":"max-video-preview:-1"},"canonical":"https:\/\/youthments.com\/de\/youthments-kontakte\/","og_locale":"de_DE","og_type":"article","og_title":"YouthMents Kontakte | Wohnungen zur Miete in Riga","og_description":"YouthMents Kontakte: Telefon +371 23444432, Email info@youthments.com. Besuchen Sie unsere Website und reservieren Sie ihren Platz bei uns!","og_url":"https:\/\/youthments.com\/de\/youthments-kontakte\/","og_site_name":"youthments.com","article_publisher":"https:\/\/www.facebook.com\/SMARTmentsRiga\/","article_modified_time":"2022-03-14T13:16:12+00:00","twitter_card":"summary_large_image","twitter_misc":{"Gesch\u00e4tzte Lesezeit":"2\u00a0Minuten"},"schema":{"@context":"https:\/\/schema.org","@graph":[{"@type":"WebPage","@id":"https:\/\/youthments.com\/de\/youthments-kontakte\/","url":"https:\/\/youthments.com\/de\/youthments-kontakte\/","name":"YouthMents Kontakte | Wohnungen zur Miete in Riga","isPartOf":{"@id":"https:\/\/youthments.com\/de\/#website"},"datePublished":"2020-09-25T00:06:48+00:00","dateModified":"2022-03-14T13:16:12+00:00","description":"YouthMents Kontakte: Telefon +371 23444432, Email info@youthments.com. Besuchen Sie unsere Website und reservieren Sie ihren Platz bei uns!","breadcrumb":{"@id":"https:\/\/youthments.com\/de\/youthments-kontakte\/#breadcrumb"},"inLanguage":"de","potentialAction":[{"@type":"ReadAction","target":["https:\/\/youthments.com\/de\/youthments-kontakte\/"]}]},{"@type":"BreadcrumbList","@id":"https:\/\/youthments.com\/de\/youthments-kontakte\/#breadcrumb","itemListElement":[{"@type":"ListItem","position":1,"name":"Home","item":"https:\/\/youthments.com\/de\/"},{"@type":"ListItem","position":2,"name":"Kontakte"}]},{"@type":"WebSite","@id":"https:\/\/youthments.com\/de\/#website","url":"https:\/\/youthments.com\/de\/","name":"youthments.com","description":"Student Hotel in Riga","publisher":{"@id":"https:\/\/youthments.com\/de\/#organization"},"potentialAction":[{"@type":"SearchAction","target":{"@type":"EntryPoint","urlTemplate":"https:\/\/youthments.com\/de\/?s={search_term_string}"},"query-input":"required name=search_term_string"}],"inLanguage":"de"},{"@type":"Organization","@id":"https:\/\/youthments.com\/de\/#organization","name":"SMARTments","url":"https:\/\/youthments.com\/de\/","logo":{"@type":"ImageObject","inLanguage":"de","@id":"https:\/\/youthments.com\/de\/#\/schema\/logo\/image\/","url":"https:\/\/youthments.com\/wp-content\/uploads\/2020\/12\/smartments-logo-en-1.png","contentUrl":"https:\/\/youthments.com\/wp-content\/uploads\/2020\/12\/smartments-logo-en-1.png","width":1068,"height":194,"caption":"SMARTments"},"image":{"@id":"https:\/\/youthments.com\/de\/#\/schema\/logo\/image\/"},"sameAs":["https:\/\/www.facebook.com\/SMARTmentsRiga\/","https:\/\/www.instagram.com\/smartments.riga\/"]}]}},"_links":{"self":[{"href":"https:\/\/youthments.com\/de\/wp-json\/wp\/v2\/pages\/915"}],"collection":[{"href":"https:\/\/youthments.com\/de\/wp-json\/wp\/v2\/pages"}],"about":[{"href":"https:\/\/youthments.com\/de\/wp-json\/wp\/v2\/types\/page"}],"author":[{"embeddable":true,"href":"https:\/\/youthments.com\/de\/wp-json\/wp\/v2\/users\/1"}],"replies":[{"embeddable":true,"href":"https:\/\/youthments.com\/de\/wp-json\/wp\/v2\/comments?post=915"}],"version-history":[{"count":14,"href":"https:\/\/youthments.com\/de\/wp-json\/wp\/v2\/pages\/915\/revisions"}],"predecessor-version":[{"id":3464,"href":"https:\/\/youthments.com\/de\/wp-json\/wp\/v2\/pages\/915\/revisions\/3464"}],"wp:attachment":[{"href":"https:\/\/youthments.com\/de\/wp-json\/wp\/v2\/media?parent=915"}],"curies":[{"name":"wp","href":"https:\/\/api.w.org\/{rel}","templated":true}]}}