{"id":936,"date":"2020-09-25T03:16:02","date_gmt":"2020-09-25T00:16:02","guid":{"rendered":"https:\/\/smartments.psdev.lv\/reserve\/"},"modified":"2022-03-10T16:25:44","modified_gmt":"2022-03-10T14:25:44","slug":"mietwohnungen-riga","status":"publish","type":"page","link":"https:\/\/youthments.com\/de\/mietwohnungen-riga\/","title":{"rendered":"Wohnungen"},"content":{"rendered":"<p><span style=\"color: #333333;\">Du kannst 90 moderne Mietwohnungen in Riga bei YouthMents finden. Es ist eine perfekte Unterkunft, wenn du 1 Monat oder l\u00e4nger bleiben willst. Die Wohnungen sind f\u00fcr 1 oder 2 Personen geeignet. Wir bieten verschiedene Wohnm\u00f6glichkeiten an. Bei YouthMents findest du 5 Kategorien von Wohnungen &#8211; &#8222;<a style=\"color: #333333;\" href=\"https:\/\/youthments.com\/de\/wohnungen\/comfort\/\">Comfort<\/a>&#8222;, &#8222;<a style=\"color: #333333;\" href=\"https:\/\/youthments.com\/flats\/comfort-plus\/\">Comfort+&#8220;<\/a>, &#8222;<a style=\"color: #333333;\" href=\"https:\/\/youthments.com\/de\/wohnungen\/superior-riga\/\">Superior<\/a>&#8222;, &#8222;<a style=\"color: #333333;\" href=\"https:\/\/youthments.com\/de\/wohnungen\/wohnungen-premium-studio\/\">Premium Studio<\/a>&#8220; und &#8222;<a style=\"color: #333333;\" href=\"https:\/\/youthments.com\/de\/wohnungen\/premium-riga\/\">Premium Suite<\/a>&#8222;.\u00a0Alle Zimmer sind privat. Alle Wohnungen haben ein Bad und einen K\u00fcchenbereich.\u00a0 W\u00e4hle die beste Wohnung, die deinen W\u00fcnschen entspricht und <a style=\"color: #333333;\" href=\"https:\/\/youthments.com\/apartment-reservation\/?type=234\">reserviere<\/a> die sofort!<\/span><\/p>\n<p>&nbsp;<\/p>\n","protected":false},"excerpt":{"rendered":"<p>Du kannst 90 moderne Mietwohnungen in Riga bei YouthMents finden. Es ist eine perfekte Unterkunft, wenn du 1 Monat oder l\u00e4nger bleiben willst. Die Wohnungen sind f\u00fcr 1 oder 2 Personen geeignet. Wir bieten verschiedene Wohnm\u00f6glichkeiten an. Bei YouthMents findest du 5 Kategorien von Wohnungen &#8211; &#8222;Comfort&#8222;, &#8222;Comfort+&#8220;, &#8222;Superior&#8222;, &#8222;Premium Studio&#8220; und &#8222;Premium Suite&#8222;.\u00a0Alle Zimmer&#8230;<\/p>\n","protected":false},"author":1,"featured_media":0,"parent":0,"menu_order":0,"comment_status":"closed","ping_status":"closed","template":"reserve.php","meta":{"inline_featured_image":false},"acf":[],"yoast_head":"<!-- This site is optimized with the Yoast SEO plugin v21.8.1 - https:\/\/yoast.com\/wordpress\/plugins\/seo\/ -->\n<title>Mietwohnungen in Riga | Studentenwohnungen - YouthMents<\/title>\n<meta name=\"description\" content=\"YouthMents haben 90 moderne Mietwohnungen in Riga. Perfekt f\u00fcr Studenten und andere Personen. Private Wohnungen mit Miete All-inclusive.\" \/>\n<meta name=\"robots\" content=\"index, follow, max-snippet:-1, max-image-preview:large, max-video-preview:-1\" \/>\n<link rel=\"canonical\" href=\"https:\/\/youthments.com\/de\/mietwohnungen-riga\/\" \/>\n<meta property=\"og:locale\" content=\"de_DE\" \/>\n<meta property=\"og:type\" content=\"article\" \/>\n<meta property=\"og:title\" content=\"Mietwohnungen in Riga | Studentenwohnungen - YouthMents\" \/>\n<meta property=\"og:description\" content=\"YouthMents haben 90 moderne Mietwohnungen in Riga. Perfekt f\u00fcr Studenten und andere Personen. Private Wohnungen mit Miete All-inclusive.\" \/>\n<meta property=\"og:url\" content=\"https:\/\/youthments.com\/de\/mietwohnungen-riga\/\" \/>\n<meta property=\"og:site_name\" content=\"youthments.com\" \/>\n<meta property=\"article:publisher\" content=\"https:\/\/www.facebook.com\/SMARTmentsRiga\/\" \/>\n<meta property=\"article:modified_time\" content=\"2022-03-10T14:25:44+00:00\" \/>\n<meta name=\"twitter:card\" content=\"summary_large_image\" \/>\n<meta name=\"twitter:label1\" content=\"Gesch\u00e4tzte Lesezeit\" \/>\n\t<meta name=\"twitter:data1\" content=\"1\u00a0Minute\" \/>\n<script type=\"application\/ld+json\" class=\"yoast-schema-graph\">{\"@context\":\"https:\/\/schema.org\",\"@graph\":[{\"@type\":\"WebPage\",\"@id\":\"https:\/\/youthments.com\/de\/mietwohnungen-riga\/\",\"url\":\"https:\/\/youthments.com\/de\/mietwohnungen-riga\/\",\"name\":\"Mietwohnungen in Riga | Studentenwohnungen - YouthMents\",\"isPartOf\":{\"@id\":\"https:\/\/youthments.com\/de\/#website\"},\"datePublished\":\"2020-09-25T00:16:02+00:00\",\"dateModified\":\"2022-03-10T14:25:44+00:00\",\"description\":\"YouthMents haben 90 moderne Mietwohnungen in Riga. Perfekt f\u00fcr Studenten und andere Personen. Private Wohnungen mit Miete All-inclusive.\",\"breadcrumb\":{\"@id\":\"https:\/\/youthments.com\/de\/mietwohnungen-riga\/#breadcrumb\"},\"inLanguage\":\"de\",\"potentialAction\":[{\"@type\":\"ReadAction\",\"target\":[\"https:\/\/youthments.com\/de\/mietwohnungen-riga\/\"]}]},{\"@type\":\"BreadcrumbList\",\"@id\":\"https:\/\/youthments.com\/de\/mietwohnungen-riga\/#breadcrumb\",\"itemListElement\":[{\"@type\":\"ListItem\",\"position\":1,\"name\":\"Home\",\"item\":\"https:\/\/youthments.com\/de\/\"},{\"@type\":\"ListItem\",\"position\":2,\"name\":\"Wohnungen\"}]},{\"@type\":\"WebSite\",\"@id\":\"https:\/\/youthments.com\/de\/#website\",\"url\":\"https:\/\/youthments.com\/de\/\",\"name\":\"youthments.com\",\"description\":\"Student Hotel in Riga\",\"publisher\":{\"@id\":\"https:\/\/youthments.com\/de\/#organization\"},\"potentialAction\":[{\"@type\":\"SearchAction\",\"target\":{\"@type\":\"EntryPoint\",\"urlTemplate\":\"https:\/\/youthments.com\/de\/?s={search_term_string}\"},\"query-input\":\"required name=search_term_string\"}],\"inLanguage\":\"de\"},{\"@type\":\"Organization\",\"@id\":\"https:\/\/youthments.com\/de\/#organization\",\"name\":\"SMARTments\",\"url\":\"https:\/\/youthments.com\/de\/\",\"logo\":{\"@type\":\"ImageObject\",\"inLanguage\":\"de\",\"@id\":\"https:\/\/youthments.com\/de\/#\/schema\/logo\/image\/\",\"url\":\"https:\/\/youthments.com\/wp-content\/uploads\/2020\/12\/smartments-logo-en-1.png\",\"contentUrl\":\"https:\/\/youthments.com\/wp-content\/uploads\/2020\/12\/smartments-logo-en-1.png\",\"width\":1068,\"height\":194,\"caption\":\"SMARTments\"},\"image\":{\"@id\":\"https:\/\/youthments.com\/de\/#\/schema\/logo\/image\/\"},\"sameAs\":[\"https:\/\/www.facebook.com\/SMARTmentsRiga\/\",\"https:\/\/www.instagram.com\/smartments.riga\/\"]}]}<\/script>\n<!-- \/ Yoast SEO plugin. -->","yoast_head_json":{"title":"Mietwohnungen in Riga | Studentenwohnungen - YouthMents","description":"YouthMents haben 90 moderne Mietwohnungen in Riga. Perfekt f\u00fcr Studenten und andere Personen. Private Wohnungen mit Miete All-inclusive.","robots":{"index":"index","follow":"follow","max-snippet":"max-snippet:-1","max-image-preview":"max-image-preview:large","max-video-preview":"max-video-preview:-1"},"canonical":"https:\/\/youthments.com\/de\/mietwohnungen-riga\/","og_locale":"de_DE","og_type":"article","og_title":"Mietwohnungen in Riga | Studentenwohnungen - YouthMents","og_description":"YouthMents haben 90 moderne Mietwohnungen in Riga. Perfekt f\u00fcr Studenten und andere Personen. Private Wohnungen mit Miete All-inclusive.","og_url":"https:\/\/youthments.com\/de\/mietwohnungen-riga\/","og_site_name":"youthments.com","article_publisher":"https:\/\/www.facebook.com\/SMARTmentsRiga\/","article_modified_time":"2022-03-10T14:25:44+00:00","twitter_card":"summary_large_image","twitter_misc":{"Gesch\u00e4tzte Lesezeit":"1\u00a0Minute"},"schema":{"@context":"https:\/\/schema.org","@graph":[{"@type":"WebPage","@id":"https:\/\/youthments.com\/de\/mietwohnungen-riga\/","url":"https:\/\/youthments.com\/de\/mietwohnungen-riga\/","name":"Mietwohnungen in Riga | Studentenwohnungen - YouthMents","isPartOf":{"@id":"https:\/\/youthments.com\/de\/#website"},"datePublished":"2020-09-25T00:16:02+00:00","dateModified":"2022-03-10T14:25:44+00:00","description":"YouthMents haben 90 moderne Mietwohnungen in Riga. Perfekt f\u00fcr Studenten und andere Personen. Private Wohnungen mit Miete All-inclusive.","breadcrumb":{"@id":"https:\/\/youthments.com\/de\/mietwohnungen-riga\/#breadcrumb"},"inLanguage":"de","potentialAction":[{"@type":"ReadAction","target":["https:\/\/youthments.com\/de\/mietwohnungen-riga\/"]}]},{"@type":"BreadcrumbList","@id":"https:\/\/youthments.com\/de\/mietwohnungen-riga\/#breadcrumb","itemListElement":[{"@type":"ListItem","position":1,"name":"Home","item":"https:\/\/youthments.com\/de\/"},{"@type":"ListItem","position":2,"name":"Wohnungen"}]},{"@type":"WebSite","@id":"https:\/\/youthments.com\/de\/#website","url":"https:\/\/youthments.com\/de\/","name":"youthments.com","description":"Student Hotel in Riga","publisher":{"@id":"https:\/\/youthments.com\/de\/#organization"},"potentialAction":[{"@type":"SearchAction","target":{"@type":"EntryPoint","urlTemplate":"https:\/\/youthments.com\/de\/?s={search_term_string}"},"query-input":"required name=search_term_string"}],"inLanguage":"de"},{"@type":"Organization","@id":"https:\/\/youthments.com\/de\/#organization","name":"SMARTments","url":"https:\/\/youthments.com\/de\/","logo":{"@type":"ImageObject","inLanguage":"de","@id":"https:\/\/youthments.com\/de\/#\/schema\/logo\/image\/","url":"https:\/\/youthments.com\/wp-content\/uploads\/2020\/12\/smartments-logo-en-1.png","contentUrl":"https:\/\/youthments.com\/wp-content\/uploads\/2020\/12\/smartments-logo-en-1.png","width":1068,"height":194,"caption":"SMARTments"},"image":{"@id":"https:\/\/youthments.com\/de\/#\/schema\/logo\/image\/"},"sameAs":["https:\/\/www.facebook.com\/SMARTmentsRiga\/","https:\/\/www.instagram.com\/smartments.riga\/"]}]}},"_links":{"self":[{"href":"https:\/\/youthments.com\/de\/wp-json\/wp\/v2\/pages\/936"}],"collection":[{"href":"https:\/\/youthments.com\/de\/wp-json\/wp\/v2\/pages"}],"about":[{"href":"https:\/\/youthments.com\/de\/wp-json\/wp\/v2\/types\/page"}],"author":[{"embeddable":true,"href":"https:\/\/youthments.com\/de\/wp-json\/wp\/v2\/users\/1"}],"replies":[{"embeddable":true,"href":"https:\/\/youthments.com\/de\/wp-json\/wp\/v2\/comments?post=936"}],"version-history":[{"count":14,"href":"https:\/\/youthments.com\/de\/wp-json\/wp\/v2\/pages\/936\/revisions"}],"predecessor-version":[{"id":3405,"href":"https:\/\/youthments.com\/de\/wp-json\/wp\/v2\/pages\/936\/revisions\/3405"}],"wp:attachment":[{"href":"https:\/\/youthments.com\/de\/wp-json\/wp\/v2\/media?parent=936"}],"curies":[{"name":"wp","href":"https:\/\/api.w.org\/{rel}","templated":true}]}}