{"id":910,"date":"2020-09-25T06:05:32","date_gmt":"2020-09-25T03:05:32","guid":{"rendered":"https:\/\/smartments.psdev.lv\/about-us\/"},"modified":"2022-03-11T13:32:12","modified_gmt":"2022-03-11T11:32:12","slug":"par-mums","status":"publish","type":"page","link":"https:\/\/youthments.com\/lv\/par-mums\/","title":{"rendered":"Par mums"},"content":{"rendered":"<p><span style=\"color: #333333;\">Dienesta viesn\u012bca R\u012bg\u0101 YouthMents ir izvietota padomju \u0113k\u0101, kur k\u0101dreiz atradies Dzelzce\u013ca transporta in\u017eenierijas instit\u016bts. Saglab\u0101jot da\u017eus \u0113kas elementus, ir tapusi piln\u012bb\u0101 renov\u0113ta dz\u012bvok\u013cu \u0113ka, kas saved kop\u0101 entuziastiskus, atv\u0113rtus un sird\u012b jaunus cilv\u0113kus. Industri\u0101la noska\u0146a \u0161eit savijas ar m\u016bsdien\u012bgu dizainu.<\/span><\/p>\n<p><img decoding=\"async\" loading=\"lazy\" class=\"alignnone wp-image-2542 size-full\" src=\"https:\/\/youthments.com\/wp-content\/uploads\/2021\/03\/111.jpg\" alt=\"\" width=\"1920\" height=\"1280\" srcset=\"https:\/\/youthments.com\/wp-content\/uploads\/2021\/03\/111.jpg 1920w, https:\/\/youthments.com\/wp-content\/uploads\/2021\/03\/111-300x200.jpg 300w, https:\/\/youthments.com\/wp-content\/uploads\/2021\/03\/111-1024x683.jpg 1024w, https:\/\/youthments.com\/wp-content\/uploads\/2021\/03\/111-768x512.jpg 768w, https:\/\/youthments.com\/wp-content\/uploads\/2021\/03\/111-1536x1024.jpg 1536w, https:\/\/youthments.com\/wp-content\/uploads\/2021\/03\/111-1500x1000.jpg 1500w\" sizes=\"(max-width: 1920px) 100vw, 1920px\" \/><\/p>\n<h2><span style=\"color: #333333;\">ATRA\u0160AN\u0100S VIETA<\/span><\/h2>\n<p><span style=\"color: #333333;\">Dienesta viesn\u012bca R\u012bg\u0101 YouthMents atrodas v\u0113sturisk\u0101 un za\u013c\u0101 rajon\u0101 \u2013 <a style=\"color: #333333;\" href=\"https:\/\/lv.wikipedia.org\/wiki\/Tor%C5%86akalns\">Tor\u0146akaln\u0101<\/a>. \u0160is rajons atrodas Daugavas kreisaj\u0101 pus\u0113, ko d\u0113v\u0113 par P\u0101rdaugavu. Arvien vair\u0101k cilv\u0113ku, \u012bpa\u0161i jaunie\u0161i, m\u016bsdien\u0101s p\u0101rce\u013cas no pils\u0113tas centra uz \u0161o apkaimi. Tam par iemeslu ir pla\u0161\u0101 za\u013c\u0101 zona, nepiespiest\u0101 gaisotne un stil\u012bgo izklaides vietu pieaugums. Tor\u0146akalna nosaukums c\u0113lies no viduslaiku sardzes tor\u0146a net\u0101lu no Daugavas.<\/span><\/p>\n<p><span style=\"color: #333333;\">M\u0101ras d\u0101rzs ap\u0146em M\u0101ras d\u012b\u0137i un ir izvietots vien 9 min\u016b\u0161u g\u0101jiena att\u0101lum\u0101 no YouthMents. \u0160is ir lielisks parks, kur\u0101 atp\u016bsties, sportot, pastaig\u0101ties un b\u016bt tuvu dabai. M\u0101rup\u012bte turpin\u0101s Ark\u0101dijas park\u0101, kur 20. gadsimta ainavu arhitekt\u016bra \u013cauj izb\u0113gt no pils\u0113tas steigas. Tas ir romantisks un skaists parks tikai 7 min\u016b\u0161u g\u0101jiena att\u0101lum\u0101 no YouthMents kopm\u012btn\u0113m.<\/span><\/p>\n<h2><span style=\"color: #333333;\">KAS M\u0112S ESAM<\/span><\/h2>\n<p><span style=\"color: #333333;\">YouthMents \u012bres dz\u012bvok\u013ci ir piem\u0113roti studentiem un citiem cilv\u0113kiem, kas R\u012bg\u0101 paliek m\u0113nesi un ilg\u0101k. Pied\u0101v\u0101jum\u0101 ir <a style=\"color: #333333;\" href=\"https:\/\/youthments.com\/lv\/dzivoklu-ire\/\">90 dz\u012bvok\u013ci<\/a>, kas piem\u0113roti vienai vai div\u0101m person\u0101m. Studentu viesn\u012bc\u0101 YouthMents ir pieejami da\u017e\u0101di noder\u012bgi <a style=\"color: #333333;\" href=\"https:\/\/youthments.com\/lv\/pakalpojumi\/\">pakalpojumi<\/a> \u2013 <a style=\"color: #333333;\" href=\"https:\/\/youthments.com\/lv\/velas-mazgatava\/\">ve\u013cas mazg\u0101tava<\/a>, <a style=\"color: #333333;\" href=\"https:\/\/youthments.com\/lv\/treninu-jogas-telpa\/\">sporta telpa<\/a>, <a style=\"color: #333333;\" href=\"https:\/\/youthments.com\/lv\/dzivojama-telpa\/\">atp\u016btas telpa<\/a> un <a style=\"color: #333333;\" href=\"https:\/\/youthments.com\/lv\/velosipedu-novietne\/\">velosip\u0113du novietne<\/a>. Mums ir labi izstr\u0101d\u0101ta dro\u0161\u012bbas sist\u0113ma, durvis ar QR kodu skeneri un \u0101trs internets. Izv\u0113lies augstas kvalit\u0101tes naktsm\u012btnes R\u012bg\u0101, izv\u0113lies YouthMents!<\/span><\/p>\n<h3><span style=\"color: #333333;\">M\u016bsu misija:<\/span><\/h3>\n<p><span style=\"color: #333333;\">YouthMents iemieso studentu garu, pied\u0101v\u0101jot \u0113rtus un modernus dz\u012bvok\u013cus un iesaisti lielisk\u0101 kopien\u0101, vienlaikus nodro\u0161inot augstu apkalpo\u0161anas servisu, pozit\u012bvu atmosf\u0113ru un ilgtsp\u0113j\u012bgu praksi.<\/span><\/p>\n<h3><span style=\"color: #333333;\">M\u016bsu v\u012bzija:<\/span><\/h3>\n<p><span style=\"color: #333333;\">YouthMents \u2013 studentu iek\u0101rojam\u0101k\u0101 dz\u012bvesvieta R\u012bg\u0101!<\/span><\/p>\n<h3><span style=\"color: #333333;\">M\u016bsu v\u0113rt\u012bbas:<\/span><\/h3>\n<ul>\n<li><span style=\"color: #333333;\"><strong>Atv\u0113rt\u012bba<\/strong> &#8211; m\u0113s esam toleranti, iek\u013caujo\u0161i un priec\u0101jamies par daudzveid\u012bbu.<\/span><\/li>\n<li><span style=\"color: #333333;\"><strong>Studentu gars<\/strong> &#8211; m\u0113s esam vienm\u0113r jauni, akt\u012bvi un jautri.<\/span><\/li>\n<li><span style=\"color: #333333;\"><strong>Entuziasms<\/strong> &#8211; m\u0113s ar prieku, kaisli un interesi str\u0101d\u0101jam un dz\u012bvojam.<\/span><\/li>\n<li><span style=\"color: #333333;\"><strong>Zin\u0101tk\u0101re<\/strong> &#8211; m\u0113s ticam, ka m\u0101c\u012bties var katru dienu visu dz\u012bvi.<\/span><\/li>\n<li><span style=\"color: #333333;\"><strong> Ilgtsp\u0113j\u012bba<\/strong> &#8211; m\u0113s iest\u0101jamies par videi draudz\u012bgu dz\u012bvo\u0161anu un saimnieko\u0161anu.<\/span><\/li>\n<li><span style=\"color: #333333;\"><strong>Apzin\u0101t\u012bba<\/strong> &#8211; tikai darot labu citiem ir iesp\u0113jams pan\u0101kt pozit\u012bvu ietekmi visiem.<\/span><\/li>\n<\/ul>\n","protected":false},"excerpt":{"rendered":"<p>Dienesta viesn\u012bca R\u012bg\u0101 YouthMents ir izvietota padomju \u0113k\u0101, kur k\u0101dreiz atradies Dzelzce\u013ca transporta in\u017eenierijas instit\u016bts. Saglab\u0101jot da\u017eus \u0113kas elementus, ir tapusi piln\u012bb\u0101 renov\u0113ta dz\u012bvok\u013cu \u0113ka, kas saved kop\u0101 entuziastiskus, atv\u0113rtus un sird\u012b jaunus cilv\u0113kus. Industri\u0101la noska\u0146a \u0161eit savijas ar m\u016bsdien\u012bgu dizainu. ATRA\u0160AN\u0100S VIETA Dienesta viesn\u012bca R\u012bg\u0101 YouthMents atrodas v\u0113sturisk\u0101 un za\u013c\u0101 rajon\u0101 \u2013 Tor\u0146akaln\u0101. \u0160is&#8230;<\/p>\n","protected":false},"author":1,"featured_media":2542,"parent":0,"menu_order":0,"comment_status":"closed","ping_status":"closed","template":"about.php","meta":{"inline_featured_image":false},"acf":[],"yoast_head":"<!-- This site is optimized with the Yoast SEO plugin v21.8.1 - https:\/\/yoast.com\/wordpress\/plugins\/seo\/ -->\n<title>Dienesta viesn\u012bca R\u012bg\u0101 | Par mums - YouthMents<\/title>\n<meta name=\"description\" content=\"Dienesta viesn\u012bca R\u012bg\u0101 YouthMents ir piln\u012bb\u0101 renov\u0113ta dz\u012bvok\u013cu \u0113ka, kas saved kop\u0101 entuziastiskus, atv\u0113rtus un sird\u012b jaunus cilv\u0113kus.\" \/>\n<meta name=\"robots\" content=\"index, follow, max-snippet:-1, max-image-preview:large, max-video-preview:-1\" \/>\n<link rel=\"canonical\" href=\"https:\/\/youthments.com\/lv\/par-mums\/\" \/>\n<meta property=\"og:locale\" content=\"lv_LV\" \/>\n<meta property=\"og:type\" content=\"article\" \/>\n<meta property=\"og:title\" content=\"Dienesta viesn\u012bca R\u012bg\u0101 | Par mums - YouthMents\" \/>\n<meta property=\"og:description\" content=\"Dienesta viesn\u012bca R\u012bg\u0101 YouthMents ir piln\u012bb\u0101 renov\u0113ta dz\u012bvok\u013cu \u0113ka, kas saved kop\u0101 entuziastiskus, atv\u0113rtus un sird\u012b jaunus cilv\u0113kus.\" \/>\n<meta property=\"og:url\" content=\"https:\/\/youthments.com\/lv\/par-mums\/\" \/>\n<meta property=\"og:site_name\" content=\"youthments.com\" \/>\n<meta property=\"article:publisher\" content=\"https:\/\/www.facebook.com\/SMARTmentsRiga\/\" \/>\n<meta property=\"article:modified_time\" content=\"2022-03-11T11:32:12+00:00\" \/>\n<meta property=\"og:image\" content=\"https:\/\/youthments.com\/wp-content\/uploads\/2021\/03\/111.jpg\" \/>\n\t<meta property=\"og:image:width\" content=\"1920\" \/>\n\t<meta property=\"og:image:height\" content=\"1280\" \/>\n\t<meta property=\"og:image:type\" content=\"image\/jpeg\" \/>\n<meta name=\"twitter:card\" content=\"summary_large_image\" \/>\n<meta name=\"twitter:label1\" content=\"Est. reading time\" \/>\n\t<meta name=\"twitter:data1\" content=\"2 minutes\" \/>\n<script type=\"application\/ld+json\" class=\"yoast-schema-graph\">{\"@context\":\"https:\/\/schema.org\",\"@graph\":[{\"@type\":\"WebPage\",\"@id\":\"https:\/\/youthments.com\/lv\/par-mums\/\",\"url\":\"https:\/\/youthments.com\/lv\/par-mums\/\",\"name\":\"Dienesta viesn\u012bca R\u012bg\u0101 | Par mums - YouthMents\",\"isPartOf\":{\"@id\":\"https:\/\/youthments.com\/lv\/#website\"},\"datePublished\":\"2020-09-25T03:05:32+00:00\",\"dateModified\":\"2022-03-11T11:32:12+00:00\",\"description\":\"Dienesta viesn\u012bca R\u012bg\u0101 YouthMents ir piln\u012bb\u0101 renov\u0113ta dz\u012bvok\u013cu \u0113ka, kas saved kop\u0101 entuziastiskus, atv\u0113rtus un sird\u012b jaunus cilv\u0113kus.\",\"breadcrumb\":{\"@id\":\"https:\/\/youthments.com\/lv\/par-mums\/#breadcrumb\"},\"inLanguage\":\"lv-LV\",\"potentialAction\":[{\"@type\":\"ReadAction\",\"target\":[\"https:\/\/youthments.com\/lv\/par-mums\/\"]}]},{\"@type\":\"BreadcrumbList\",\"@id\":\"https:\/\/youthments.com\/lv\/par-mums\/#breadcrumb\",\"itemListElement\":[{\"@type\":\"ListItem\",\"position\":1,\"name\":\"Home\",\"item\":\"https:\/\/youthments.com\/lv\/\"},{\"@type\":\"ListItem\",\"position\":2,\"name\":\"Par mums\"}]},{\"@type\":\"WebSite\",\"@id\":\"https:\/\/youthments.com\/lv\/#website\",\"url\":\"https:\/\/youthments.com\/lv\/\",\"name\":\"youthments.com\",\"description\":\"Student Hotel in Riga\",\"publisher\":{\"@id\":\"https:\/\/youthments.com\/lv\/#organization\"},\"potentialAction\":[{\"@type\":\"SearchAction\",\"target\":{\"@type\":\"EntryPoint\",\"urlTemplate\":\"https:\/\/youthments.com\/lv\/?s={search_term_string}\"},\"query-input\":\"required name=search_term_string\"}],\"inLanguage\":\"lv-LV\"},{\"@type\":\"Organization\",\"@id\":\"https:\/\/youthments.com\/lv\/#organization\",\"name\":\"SMARTments\",\"url\":\"https:\/\/youthments.com\/lv\/\",\"logo\":{\"@type\":\"ImageObject\",\"inLanguage\":\"lv-LV\",\"@id\":\"https:\/\/youthments.com\/lv\/#\/schema\/logo\/image\/\",\"url\":\"https:\/\/youthments.com\/wp-content\/uploads\/2020\/12\/smartments-logo-en-1.png\",\"contentUrl\":\"https:\/\/youthments.com\/wp-content\/uploads\/2020\/12\/smartments-logo-en-1.png\",\"width\":1068,\"height\":194,\"caption\":\"SMARTments\"},\"image\":{\"@id\":\"https:\/\/youthments.com\/lv\/#\/schema\/logo\/image\/\"},\"sameAs\":[\"https:\/\/www.facebook.com\/SMARTmentsRiga\/\",\"https:\/\/www.instagram.com\/smartments.riga\/\"]}]}<\/script>\n<!-- \/ Yoast SEO plugin. -->","yoast_head_json":{"title":"Dienesta viesn\u012bca R\u012bg\u0101 | Par mums - YouthMents","description":"Dienesta viesn\u012bca R\u012bg\u0101 YouthMents ir piln\u012bb\u0101 renov\u0113ta dz\u012bvok\u013cu \u0113ka, kas saved kop\u0101 entuziastiskus, atv\u0113rtus un sird\u012b jaunus cilv\u0113kus.","robots":{"index":"index","follow":"follow","max-snippet":"max-snippet:-1","max-image-preview":"max-image-preview:large","max-video-preview":"max-video-preview:-1"},"canonical":"https:\/\/youthments.com\/lv\/par-mums\/","og_locale":"lv_LV","og_type":"article","og_title":"Dienesta viesn\u012bca R\u012bg\u0101 | Par mums - YouthMents","og_description":"Dienesta viesn\u012bca R\u012bg\u0101 YouthMents ir piln\u012bb\u0101 renov\u0113ta dz\u012bvok\u013cu \u0113ka, kas saved kop\u0101 entuziastiskus, atv\u0113rtus un sird\u012b jaunus cilv\u0113kus.","og_url":"https:\/\/youthments.com\/lv\/par-mums\/","og_site_name":"youthments.com","article_publisher":"https:\/\/www.facebook.com\/SMARTmentsRiga\/","article_modified_time":"2022-03-11T11:32:12+00:00","og_image":[{"width":1920,"height":1280,"url":"https:\/\/youthments.com\/wp-content\/uploads\/2021\/03\/111.jpg","type":"image\/jpeg"}],"twitter_card":"summary_large_image","twitter_misc":{"Est. reading time":"2 minutes"},"schema":{"@context":"https:\/\/schema.org","@graph":[{"@type":"WebPage","@id":"https:\/\/youthments.com\/lv\/par-mums\/","url":"https:\/\/youthments.com\/lv\/par-mums\/","name":"Dienesta viesn\u012bca R\u012bg\u0101 | Par mums - YouthMents","isPartOf":{"@id":"https:\/\/youthments.com\/lv\/#website"},"datePublished":"2020-09-25T03:05:32+00:00","dateModified":"2022-03-11T11:32:12+00:00","description":"Dienesta viesn\u012bca R\u012bg\u0101 YouthMents ir piln\u012bb\u0101 renov\u0113ta dz\u012bvok\u013cu \u0113ka, kas saved kop\u0101 entuziastiskus, atv\u0113rtus un sird\u012b jaunus cilv\u0113kus.","breadcrumb":{"@id":"https:\/\/youthments.com\/lv\/par-mums\/#breadcrumb"},"inLanguage":"lv-LV","potentialAction":[{"@type":"ReadAction","target":["https:\/\/youthments.com\/lv\/par-mums\/"]}]},{"@type":"BreadcrumbList","@id":"https:\/\/youthments.com\/lv\/par-mums\/#breadcrumb","itemListElement":[{"@type":"ListItem","position":1,"name":"Home","item":"https:\/\/youthments.com\/lv\/"},{"@type":"ListItem","position":2,"name":"Par mums"}]},{"@type":"WebSite","@id":"https:\/\/youthments.com\/lv\/#website","url":"https:\/\/youthments.com\/lv\/","name":"youthments.com","description":"Student Hotel in Riga","publisher":{"@id":"https:\/\/youthments.com\/lv\/#organization"},"potentialAction":[{"@type":"SearchAction","target":{"@type":"EntryPoint","urlTemplate":"https:\/\/youthments.com\/lv\/?s={search_term_string}"},"query-input":"required name=search_term_string"}],"inLanguage":"lv-LV"},{"@type":"Organization","@id":"https:\/\/youthments.com\/lv\/#organization","name":"SMARTments","url":"https:\/\/youthments.com\/lv\/","logo":{"@type":"ImageObject","inLanguage":"lv-LV","@id":"https:\/\/youthments.com\/lv\/#\/schema\/logo\/image\/","url":"https:\/\/youthments.com\/wp-content\/uploads\/2020\/12\/smartments-logo-en-1.png","contentUrl":"https:\/\/youthments.com\/wp-content\/uploads\/2020\/12\/smartments-logo-en-1.png","width":1068,"height":194,"caption":"SMARTments"},"image":{"@id":"https:\/\/youthments.com\/lv\/#\/schema\/logo\/image\/"},"sameAs":["https:\/\/www.facebook.com\/SMARTmentsRiga\/","https:\/\/www.instagram.com\/smartments.riga\/"]}]}},"_links":{"self":[{"href":"https:\/\/youthments.com\/lv\/wp-json\/wp\/v2\/pages\/910"}],"collection":[{"href":"https:\/\/youthments.com\/lv\/wp-json\/wp\/v2\/pages"}],"about":[{"href":"https:\/\/youthments.com\/lv\/wp-json\/wp\/v2\/types\/page"}],"author":[{"embeddable":true,"href":"https:\/\/youthments.com\/lv\/wp-json\/wp\/v2\/users\/1"}],"replies":[{"embeddable":true,"href":"https:\/\/youthments.com\/lv\/wp-json\/wp\/v2\/comments?post=910"}],"version-history":[{"count":13,"href":"https:\/\/youthments.com\/lv\/wp-json\/wp\/v2\/pages\/910\/revisions"}],"predecessor-version":[{"id":3428,"href":"https:\/\/youthments.com\/lv\/wp-json\/wp\/v2\/pages\/910\/revisions\/3428"}],"wp:featuredmedia":[{"embeddable":true,"href":"https:\/\/youthments.com\/lv\/wp-json\/wp\/v2\/media\/2542"}],"wp:attachment":[{"href":"https:\/\/youthments.com\/lv\/wp-json\/wp\/v2\/media?parent=910"}],"curies":[{"name":"wp","href":"https:\/\/api.w.org\/{rel}","templated":true}]}}