{"id":916,"date":"2020-09-25T03:06:48","date_gmt":"2020-09-25T00:06:48","guid":{"rendered":"https:\/\/smartments.psdev.lv\/contacts\/"},"modified":"2022-03-14T15:16:34","modified_gmt":"2022-03-14T13:16:34","slug":"youthments-kontakti","status":"publish","type":"page","link":"https:\/\/youthments.com\/lv\/youthments-kontakti\/","title":{"rendered":"Kontakti"},"content":{"rendered":"<h2>K\u0101 pie mums nok\u013c\u016bt?<\/h2>\n<h3><span style=\"color: #656a6f;\"><a style=\"color: #656a6f;\" href=\"https:\/\/www.ldz.lv\/lv\">Ar vilcienu<\/a><\/span><\/h3>\n<p>\u0100trs brauciens uz YouthMents vai pils\u0113tas centru. K\u0101p iek\u0161\u0101 Centr\u0101laj\u0101 stacij\u0101 un dodies l\u012bdz Tor\u0146kalna stacijai (virzien\u0101 J\u016brmala vai Jelgava). T\u0101 ir viena pietura un aiz\u0146em vien 5 min\u016btes. Att\u0101lums l\u012bdz YouthMents: 650 m. Ar vilcienu tu vari nok\u013c\u016bt ar\u012b uz\/no augstskolas \u201cTur\u012bba\u201d. T\u0101s ir divas pieturas un aiz\u0146em vien 4 min\u016btes.<\/p>\n<h3><span style=\"color: #656a6f;\"><a style=\"color: #656a6f;\" href=\"https:\/\/www.rigassatiksme.lv\/lv\/\">Ar autobusu<\/a><\/span><\/h3>\n<p>Divi autobusa mar\u0161ruti \u0101tri tevi aizved\u012bs uz YouthMents vai pils\u0113tas centru. Izv\u0113lies autobusu Nr. 23 vai Nr. 26, kas atiet no Elizabetes ielas vai 13. janv\u0101ra ielas un brauc l\u012bdz Satiksmes ielai (virziens \u2013 Balo\u017ei vai Katlakalns). T\u0101s ir aptuveni 6 pieturas un prasa 15 min\u016btes. Att\u0101lums no YouthMents: 600 m.<\/p>\n<p>V\u0113l viens autobusa mar\u0161ruts tevi \u0101tri aizved\u012bs no YouthMents uz R\u012bgas Stradi\u0146a universit\u0101ti un augstskolu \u201cTur\u012bba\u201d. Izv\u0113lies autobusu Nr. 46 no Satiksmes ielas uz Graudu ielu (ja dodies uz augstskolu \u201cTur\u012bba\u201d) vai uz Bot\u0101nisko d\u0101rzu (ja dodies uz R\u012bgas Stradi\u0146a universit\u0101ti). Brauciens aiz\u0146ems 11 l\u012bdz 15 min\u016btes.<\/p>\n<h3><span style=\"color: #656a6f;\"><a style=\"color: #656a6f;\" href=\"https:\/\/www.rigassatiksme.lv\/lv\/\">Ar trolejbusu<\/a><\/span><\/h3>\n<p>Trolejbuss tevi \u0101tri aizved\u012bs uz YouthMents vai pils\u0113tas centru. Stacijas laukum\u0101 k\u0101p iek\u0161\u0101 trolejbus\u0101 Nr. 27 un brauc l\u012bdz Satiksmes ielai (virziens \u2013 Ziepniekkalns). T\u0101s ir 9 pieturas un prasa 15 min\u016btes. Att\u0101lums no YouthMents: 600 m. Ar \u0161o trolejbusu tu ar\u012b vari 9 min\u016bt\u0113s nok\u013c\u016bt uz\/no augstskolas \u201cTur\u012bba\u201d.<\/p>\n<h3><span style=\"color: #656a6f;\"><a style=\"color: #656a6f;\" href=\"https:\/\/www.rigassatiksme.lv\/lv\/\">Ar tramvaju<\/a><\/span><\/h3>\n<p>Tramvajs tevi \u0101tri aizved\u012bs uz YouthMents vai pils\u0113tas centru. Centr\u0101ltirgus pietur\u0101 k\u0101p iek\u0161\u0101 tramvaj\u0101 Nr. 10 un brauc l\u012bdz Tor\u0146akalna stacijai vai Satiksmes ielai (virzien\u0101 \u2013 Bi\u0161umui\u017ea). T\u0101s ir 6 pieturas un prasa 14 min\u016btes. Att\u0101lums no YouthMents: 400 m vai 450 m.<\/p>\n<h2>Apk\u0101rtne<\/h2>\n<p><strong>Universit\u0101tes &amp; Fakult\u0101tes:<\/strong> Latvijas Universit\u0101te (galven\u0101 \u0113ka) \u2013 3.8 km, LU \u201cZin\u0101t\u0146u m\u0101ja\u201d \u2013 1.4 km, LU Biolo\u0123ijas fakult\u0101te \u2013 1.5 km, LU Fizikas, matem\u0101tikas un optometrijas fakult\u0101te \u2013 1.4 km, LU \u0122eogr\u0101fijas un Zemes zin\u0101tnes fakult\u0101te \u2013 1.4 km, LU \u0136\u012bmijas fakult\u0101te \u2013 1.5 km, LU Medic\u012bnas fakult\u0101te \u2013 1.5 km, R\u012bgas Stradi\u0146a universit\u0101te \u2013 4.2 km, Biznesa augstskola \u201cTur\u012bba\u201d \u2013 2.1 km, RISEBA \u2013 2.5 km, R\u012bgas Tehnisk\u0101 universit\u0101te (galven\u0101 \u0113ka) \u2013 3 km, RTU \u0136\u012bpsalas fakult\u0101tes &#8211; 3.6 km, Starptautisk\u0101 Kosmetolo\u0123ijas koled\u017ea &#8211; 2.2 km, J\u0101zepa V\u012btola Latvijas M\u016bzikas akad\u0113mija &#8211; 3.7 km, R\u012bgas Aeronautikas instit\u016bts &#8211; 4.1 km, Latvijas M\u0101kslas akad\u0113mija &#8211; 4.1 km, Latvijas Kult\u016bras akad\u0113mija &#8211; 5.5 km.<\/p>\n<p><strong>Parki: <\/strong>M\u0101ras d\u012b\u0137is \u2013 850 m, Ark\u0101dijas parks \u2013 550 m,\u00a0 Uzvaras parks &#8211; 1.1 km, Lucavsala \u2013 3 km, \u0136\u012bpsala \u2013 3.9 km.<\/p>\n<p><strong>Veikali &amp; restor\u0101ni:<\/strong> P\u0101rtikas veikals Maxima &#8211; 550 m, P\u0101rtikas veikals Elvi &#8211; 900 m, P\u0101rtikas veikals Rimi &#8211; 1.4. km, Hesburger &#8211; 1.4 km, Tirdzniec\u012bbas centrs Riga Plaza \u2013 1.5 km, McDonald&#8217;s &#8211; 2.6 km.<\/p>\n<p><strong>Cits:<\/strong> Nacion\u0101l\u0101 bibliot\u0113ka \u2013 2.1 km, B\u0113rnu kl\u012bnisk\u0101 slimn\u012bca \u2013 1.1 km, Paula Stradi\u0146a Kl\u012bnisk\u0101 universit\u0101tes slimn\u012bca \u2013 1.7 km, M\u016bkusalas Biznesa centrs &#8211; 2.5 km.<\/p>\n<p>&nbsp;<\/p>\n<p>&nbsp;<\/p>\n","protected":false},"excerpt":{"rendered":"<p>K\u0101 pie mums nok\u013c\u016bt? Ar vilcienu \u0100trs brauciens uz YouthMents vai pils\u0113tas centru. K\u0101p iek\u0161\u0101 Centr\u0101laj\u0101 stacij\u0101 un dodies l\u012bdz Tor\u0146kalna stacijai (virzien\u0101 J\u016brmala vai Jelgava). T\u0101 ir viena pietura un aiz\u0146em vien 5 min\u016btes. Att\u0101lums l\u012bdz YouthMents: 650 m. Ar vilcienu tu vari nok\u013c\u016bt ar\u012b uz\/no augstskolas \u201cTur\u012bba\u201d. T\u0101s ir divas pieturas un aiz\u0146em&#8230;<\/p>\n","protected":false},"author":1,"featured_media":0,"parent":0,"menu_order":0,"comment_status":"closed","ping_status":"closed","template":"contacts.php","meta":{"inline_featured_image":false},"acf":[],"yoast_head":"<!-- This site is optimized with the Yoast SEO plugin v21.8.1 - https:\/\/yoast.com\/wordpress\/plugins\/seo\/ -->\n<title>YouthMents Kontakti | Dz\u012bvok\u013ci \u012brei R\u012bg\u0101 - YouthMents<\/title>\n<meta name=\"description\" content=\"YouthMents kontakti: telefons +371 67458809, e-pasts info@youthments.com. Apmekl\u0113jiet m\u016bsu m\u0101jas lapu un rezerv\u0113jiet dz\u012bvokli pie mums!\" \/>\n<meta name=\"robots\" content=\"index, follow, max-snippet:-1, max-image-preview:large, max-video-preview:-1\" \/>\n<link rel=\"canonical\" href=\"https:\/\/youthments.com\/lv\/youthments-kontakti\/\" \/>\n<meta property=\"og:locale\" content=\"lv_LV\" \/>\n<meta property=\"og:type\" content=\"article\" \/>\n<meta property=\"og:title\" content=\"YouthMents Kontakti | Dz\u012bvok\u013ci \u012brei R\u012bg\u0101 - YouthMents\" \/>\n<meta property=\"og:description\" content=\"YouthMents kontakti: telefons +371 67458809, e-pasts info@youthments.com. Apmekl\u0113jiet m\u016bsu m\u0101jas lapu un rezerv\u0113jiet dz\u012bvokli pie mums!\" \/>\n<meta property=\"og:url\" content=\"https:\/\/youthments.com\/lv\/youthments-kontakti\/\" \/>\n<meta property=\"og:site_name\" content=\"youthments.com\" \/>\n<meta property=\"article:publisher\" content=\"https:\/\/www.facebook.com\/SMARTmentsRiga\/\" \/>\n<meta property=\"article:modified_time\" content=\"2022-03-14T13:16:34+00:00\" \/>\n<meta name=\"twitter:card\" content=\"summary_large_image\" \/>\n<meta name=\"twitter:label1\" content=\"Est. reading time\" \/>\n\t<meta name=\"twitter:data1\" content=\"2 minutes\" \/>\n<script type=\"application\/ld+json\" class=\"yoast-schema-graph\">{\"@context\":\"https:\/\/schema.org\",\"@graph\":[{\"@type\":\"WebPage\",\"@id\":\"https:\/\/youthments.com\/lv\/youthments-kontakti\/\",\"url\":\"https:\/\/youthments.com\/lv\/youthments-kontakti\/\",\"name\":\"YouthMents Kontakti | Dz\u012bvok\u013ci \u012brei R\u012bg\u0101 - YouthMents\",\"isPartOf\":{\"@id\":\"https:\/\/youthments.com\/lv\/#website\"},\"datePublished\":\"2020-09-25T00:06:48+00:00\",\"dateModified\":\"2022-03-14T13:16:34+00:00\",\"description\":\"YouthMents kontakti: telefons +371 67458809, e-pasts info@youthments.com. Apmekl\u0113jiet m\u016bsu m\u0101jas lapu un rezerv\u0113jiet dz\u012bvokli pie mums!\",\"breadcrumb\":{\"@id\":\"https:\/\/youthments.com\/lv\/youthments-kontakti\/#breadcrumb\"},\"inLanguage\":\"lv-LV\",\"potentialAction\":[{\"@type\":\"ReadAction\",\"target\":[\"https:\/\/youthments.com\/lv\/youthments-kontakti\/\"]}]},{\"@type\":\"BreadcrumbList\",\"@id\":\"https:\/\/youthments.com\/lv\/youthments-kontakti\/#breadcrumb\",\"itemListElement\":[{\"@type\":\"ListItem\",\"position\":1,\"name\":\"Home\",\"item\":\"https:\/\/youthments.com\/lv\/\"},{\"@type\":\"ListItem\",\"position\":2,\"name\":\"Kontakti\"}]},{\"@type\":\"WebSite\",\"@id\":\"https:\/\/youthments.com\/lv\/#website\",\"url\":\"https:\/\/youthments.com\/lv\/\",\"name\":\"youthments.com\",\"description\":\"Student Hotel in Riga\",\"publisher\":{\"@id\":\"https:\/\/youthments.com\/lv\/#organization\"},\"potentialAction\":[{\"@type\":\"SearchAction\",\"target\":{\"@type\":\"EntryPoint\",\"urlTemplate\":\"https:\/\/youthments.com\/lv\/?s={search_term_string}\"},\"query-input\":\"required name=search_term_string\"}],\"inLanguage\":\"lv-LV\"},{\"@type\":\"Organization\",\"@id\":\"https:\/\/youthments.com\/lv\/#organization\",\"name\":\"SMARTments\",\"url\":\"https:\/\/youthments.com\/lv\/\",\"logo\":{\"@type\":\"ImageObject\",\"inLanguage\":\"lv-LV\",\"@id\":\"https:\/\/youthments.com\/lv\/#\/schema\/logo\/image\/\",\"url\":\"https:\/\/youthments.com\/wp-content\/uploads\/2020\/12\/smartments-logo-en-1.png\",\"contentUrl\":\"https:\/\/youthments.com\/wp-content\/uploads\/2020\/12\/smartments-logo-en-1.png\",\"width\":1068,\"height\":194,\"caption\":\"SMARTments\"},\"image\":{\"@id\":\"https:\/\/youthments.com\/lv\/#\/schema\/logo\/image\/\"},\"sameAs\":[\"https:\/\/www.facebook.com\/SMARTmentsRiga\/\",\"https:\/\/www.instagram.com\/smartments.riga\/\"]}]}<\/script>\n<!-- \/ Yoast SEO plugin. -->","yoast_head_json":{"title":"YouthMents Kontakti | Dz\u012bvok\u013ci \u012brei R\u012bg\u0101 - YouthMents","description":"YouthMents kontakti: telefons +371 67458809, e-pasts info@youthments.com. Apmekl\u0113jiet m\u016bsu m\u0101jas lapu un rezerv\u0113jiet dz\u012bvokli pie mums!","robots":{"index":"index","follow":"follow","max-snippet":"max-snippet:-1","max-image-preview":"max-image-preview:large","max-video-preview":"max-video-preview:-1"},"canonical":"https:\/\/youthments.com\/lv\/youthments-kontakti\/","og_locale":"lv_LV","og_type":"article","og_title":"YouthMents Kontakti | Dz\u012bvok\u013ci \u012brei R\u012bg\u0101 - YouthMents","og_description":"YouthMents kontakti: telefons +371 67458809, e-pasts info@youthments.com. Apmekl\u0113jiet m\u016bsu m\u0101jas lapu un rezerv\u0113jiet dz\u012bvokli pie mums!","og_url":"https:\/\/youthments.com\/lv\/youthments-kontakti\/","og_site_name":"youthments.com","article_publisher":"https:\/\/www.facebook.com\/SMARTmentsRiga\/","article_modified_time":"2022-03-14T13:16:34+00:00","twitter_card":"summary_large_image","twitter_misc":{"Est. reading time":"2 minutes"},"schema":{"@context":"https:\/\/schema.org","@graph":[{"@type":"WebPage","@id":"https:\/\/youthments.com\/lv\/youthments-kontakti\/","url":"https:\/\/youthments.com\/lv\/youthments-kontakti\/","name":"YouthMents Kontakti | Dz\u012bvok\u013ci \u012brei R\u012bg\u0101 - YouthMents","isPartOf":{"@id":"https:\/\/youthments.com\/lv\/#website"},"datePublished":"2020-09-25T00:06:48+00:00","dateModified":"2022-03-14T13:16:34+00:00","description":"YouthMents kontakti: telefons +371 67458809, e-pasts info@youthments.com. Apmekl\u0113jiet m\u016bsu m\u0101jas lapu un rezerv\u0113jiet dz\u012bvokli pie mums!","breadcrumb":{"@id":"https:\/\/youthments.com\/lv\/youthments-kontakti\/#breadcrumb"},"inLanguage":"lv-LV","potentialAction":[{"@type":"ReadAction","target":["https:\/\/youthments.com\/lv\/youthments-kontakti\/"]}]},{"@type":"BreadcrumbList","@id":"https:\/\/youthments.com\/lv\/youthments-kontakti\/#breadcrumb","itemListElement":[{"@type":"ListItem","position":1,"name":"Home","item":"https:\/\/youthments.com\/lv\/"},{"@type":"ListItem","position":2,"name":"Kontakti"}]},{"@type":"WebSite","@id":"https:\/\/youthments.com\/lv\/#website","url":"https:\/\/youthments.com\/lv\/","name":"youthments.com","description":"Student Hotel in Riga","publisher":{"@id":"https:\/\/youthments.com\/lv\/#organization"},"potentialAction":[{"@type":"SearchAction","target":{"@type":"EntryPoint","urlTemplate":"https:\/\/youthments.com\/lv\/?s={search_term_string}"},"query-input":"required name=search_term_string"}],"inLanguage":"lv-LV"},{"@type":"Organization","@id":"https:\/\/youthments.com\/lv\/#organization","name":"SMARTments","url":"https:\/\/youthments.com\/lv\/","logo":{"@type":"ImageObject","inLanguage":"lv-LV","@id":"https:\/\/youthments.com\/lv\/#\/schema\/logo\/image\/","url":"https:\/\/youthments.com\/wp-content\/uploads\/2020\/12\/smartments-logo-en-1.png","contentUrl":"https:\/\/youthments.com\/wp-content\/uploads\/2020\/12\/smartments-logo-en-1.png","width":1068,"height":194,"caption":"SMARTments"},"image":{"@id":"https:\/\/youthments.com\/lv\/#\/schema\/logo\/image\/"},"sameAs":["https:\/\/www.facebook.com\/SMARTmentsRiga\/","https:\/\/www.instagram.com\/smartments.riga\/"]}]}},"_links":{"self":[{"href":"https:\/\/youthments.com\/lv\/wp-json\/wp\/v2\/pages\/916"}],"collection":[{"href":"https:\/\/youthments.com\/lv\/wp-json\/wp\/v2\/pages"}],"about":[{"href":"https:\/\/youthments.com\/lv\/wp-json\/wp\/v2\/types\/page"}],"author":[{"embeddable":true,"href":"https:\/\/youthments.com\/lv\/wp-json\/wp\/v2\/users\/1"}],"replies":[{"embeddable":true,"href":"https:\/\/youthments.com\/lv\/wp-json\/wp\/v2\/comments?post=916"}],"version-history":[{"count":16,"href":"https:\/\/youthments.com\/lv\/wp-json\/wp\/v2\/pages\/916\/revisions"}],"predecessor-version":[{"id":3465,"href":"https:\/\/youthments.com\/lv\/wp-json\/wp\/v2\/pages\/916\/revisions\/3465"}],"wp:attachment":[{"href":"https:\/\/youthments.com\/lv\/wp-json\/wp\/v2\/media?parent=916"}],"curies":[{"name":"wp","href":"https:\/\/api.w.org\/{rel}","templated":true}]}}