{"id":919,"date":"2020-09-25T05:38:15","date_gmt":"2020-09-25T02:38:15","guid":{"rendered":"https:\/\/smartments.psdev.lv\/cookies\/"},"modified":"2023-03-13T11:47:46","modified_gmt":"2023-03-13T09:47:46","slug":"youthments-sikdatnes","status":"publish","type":"page","link":"https:\/\/youthments.com\/lv\/youthments-sikdatnes\/","title":{"rendered":"S\u012bkdatnes"},"content":{"rendered":"<h2>S\u012bkdat\u0146u izmanto\u0161ana<\/h2>\n<p>Inform\u0113jam, ka YouthMents t\u012bmek\u013ca vietn\u0113 tiek izmantotas s\u012bkdatnes. Aicin\u0101m iepaz\u012bties ar pla\u0161\u0101ku inform\u0101ciju par m\u016bsu vietn\u0113 izmantotaj\u0101m s\u012bkdatn\u0113m zem\u0101k. Uz\u0146\u0113muma m\u0101jaslap\u0101 var tikt ievietotas saites uz tre\u0161o personu interneta m\u0101jaslap\u0101m, kur\u0101m ir savi lieto\u0161anas un personas datu aizsardz\u012bbas noteikumi, par ko Uz\u0146\u0113mums neuz\u0146emas atbild\u012bbu.<\/p>\n<h2>Kas ir s\u012bkdatnes?<\/h2>\n<p>S\u012bkdatnes ir mazas teksta datnes, kuras t\u012bmek\u013ca p\u0101rl\u016bkprogramma (piem\u0113ram,\u00a0Internet Explorer,\u00a0Firexox,\u00a0Google Chrome\u00a0u.c.) saglab\u0101 lietot\u0101ja galiek\u0101rt\u0101 (dator\u0101, mobilaj\u0101 t\u0101lrun\u012b, plan\u0161et\u0113) br\u012bd\u012b, kad lietot\u0101js apmekl\u0113 t\u012bmek\u013ca vietni, lai identific\u0113tu p\u0101rl\u016bkprogrammu vai p\u0101rl\u016bkprogramm\u0101 saglab\u0101tu inform\u0101ciju vai iestat\u012bjumus. T\u0101d\u0113j\u0101di ar s\u012bkdat\u0146u pal\u012bdz\u012bbu t\u012bmek\u013ca vietne ieg\u016bst sp\u0113ju saglab\u0101t lietot\u0101ja individu\u0101los iestat\u012bjumus, atpaz\u012bt vi\u0146u un atbilsto\u0161i rea\u0123\u0113t, ar m\u0113r\u0137i uzlabot vietnes lieto\u0161anas pieredzi. Lietot\u0101js var atsp\u0113jot vai ierobe\u017eot s\u012bkdat\u0146u izmanto\u0161anu, ta\u010du bez s\u012bkdatn\u0113m neb\u016bs iesp\u0113jams pilnv\u0113rt\u012bgi izmantot visas viet\u0146u funkcijas.<\/p>\n<h2>K\u0101das s\u012bkdatnes m\u0113s izmantojam?<\/h2>\n<p>Atkar\u012bb\u0101 no veicamaj\u0101m funkcij\u0101m un izmanto\u0161anas m\u0113r\u0137a ir da\u017e\u0101das s\u012bkdatnes, ko apkopojam un izmantojam \u0161aj\u0101 t\u012bmek\u013ca vietn\u0113.<\/p>\n<h3>Oblig\u0101t\u0101s s\u012bkdatnes.<\/h3>\n<p>\u0160\u012bs s\u012bkdatnes nepiecie\u0161amas, lai lietot\u0101js var\u0113tu br\u012bvi apmekl\u0113t un p\u0101rl\u016bkot t\u012bmek\u013ca vietni un izmantot t\u0101s pied\u0101v\u0101t\u0101s iesp\u0113jas, tostarp ieg\u016bt inform\u0101ciju par pakalpojumiem un ieg\u0101d\u0101ties tos. \u0160\u012bs s\u012bkdatnes identific\u0113 lietot\u0101ja iek\u0101rtu, ta\u010du neizpau\u017e lietot\u0101ja identit\u0101ti, k\u0101 ar\u012b t\u0101s nev\u0101c un neapkopo inform\u0101ciju. Bez \u0161\u012bm s\u012bkdatn\u0113m t\u012bmek\u013ca vietne nevar\u0113s pilnv\u0113rt\u012bgi darboties, piem\u0113ram, sniegt lietot\u0101jam nepiecie\u0161amo inform\u0101ciju, nodro\u0161in\u0101t piepras\u012btos pakalpojumus vai pakalpojuma pieteik\u0161anu. \u0160\u012bs s\u012bkdatnes tiek glab\u0101tas lietot\u0101ja iek\u0101rt\u0101 l\u012bdz br\u012bdim, kad tiek aizv\u0113rta t\u012bmek\u013ca p\u0101rl\u016bkprogramma.<\/p>\n<h3>Funkcion\u0101l\u0101s s\u012bkdatnes.<\/h3>\n<p>Ar funkcion\u0101laj\u0101m s\u012bkdatn\u0113m vietne atceras lietot\u0101ja izv\u0113l\u0113tos uzst\u0101d\u012bjumus un veikt\u0101s izv\u0113les, lai lietot\u0101js var\u0113tu \u0113rt\u0101k lietot vietni. \u0160\u012bs s\u012bkdatnes glab\u0101jas lietot\u0101ja iek\u0101rt\u0101 past\u0101v\u012bgi.<\/p>\n<h3>Anal\u012btisk\u0101s s\u012bkdatnes.<\/h3>\n<p>Anal\u012btisk\u0101s s\u012bkdatnes apkopo inform\u0101ciju, k\u0101 lietot\u0101js lieto t\u012bmek\u013ca vietni, konstat\u0113 bie\u017e\u0101k apmekl\u0113t\u0101s sada\u013cas, ieskaitot saturu, kuru lietot\u0101js izv\u0113las, p\u0101rl\u016bkojot vietni. Inform\u0101cija tiek lietota anal\u012bzes nol\u016bkos, lai noskaidrotu, kas interes\u0113 vietnes lietot\u0101jus, un var\u0113tu uzlabot vietnes funkcionalit\u0101ti, padar\u012bt to \u0113rt\u0101k lietojamu. Anal\u012btisk\u0101s s\u012bkdatnes identific\u0113 tikai lietot\u0101ja iek\u0101rtu, ta\u010du neizpau\u017e lietot\u0101ja identit\u0101ti. Atsevi\u0161\u0137os gad\u012bjumos da\u017eas no anal\u012btiskaj\u0101m s\u012bkdatn\u0113m vietnes \u012bpa\u0161nieka viet\u0101 saska\u0146\u0101 ar t\u0101 nor\u0101d\u012bjumiem un tikai atbilsto\u0161i nor\u0101d\u012btajiem m\u0113r\u0137iem p\u0101rvalda tre\u0161\u0101s personas \u2013 datu apstr\u0101d\u0101t\u0101ji (operatori), piem\u0113ram,\u00a0Google Adwords, Facebook.<\/p>\n<h3>M\u0113r\u0137a (rekl\u0101mas) s\u012bkdatnes.<\/h3>\n<p>M\u0113r\u0137a (rekl\u0101mas) s\u012bkdatnes izmanto, lai apkopotu inform\u0101ciju par lietot\u0101ja apmekl\u0113taj\u0101m t\u012bmek\u013ca vietn\u0113m un pied\u0101v\u0101tu tie\u0161i konkr\u0113tam lietot\u0101jam interes\u0113jo\u0161us Uz\u0146\u0113muma vai sadarb\u012bbas partneru pakalpojumus vai adres\u0113tu konkr\u0113t\u0101 lietot\u0101ja izr\u0101d\u012btajai interesei atbilsto\u0161us pied\u0101v\u0101jumus. Parasti \u0161\u012bs s\u012bkdatnes ar vietnes \u012bpa\u0161nieka at\u013cauju atbilsto\u0161i nor\u0101d\u012btajiem m\u0113r\u0137iem izvieto tre\u0161\u0101s personas, piem\u0113ram, Google Adwords. M\u0113r\u0137a s\u012bkdatnes lietot\u0101ja galiek\u0101rt\u0101 tiek uzglab\u0101tas past\u0101v\u012bgi.<\/p>\n<h2>K\u0101diem m\u0113r\u0137iem m\u0113s izmantojam s\u012bkdatnes?<\/h2>\n<p><strong>YouthMents izmanto s\u012bkdatnes, lai:<\/strong><\/p>\n<ol>\n<li>uzlabotu viet\u0146u un m\u0101jaslapu lieto\u0161anas pieredzi:<\/li>\n<li>nodro\u0161in\u0101tu m\u0101jaslapas funkcionalit\u0101ti;<\/li>\n<li>piel\u0101gotu m\u0101jaslapas funkcionalit\u0101ti lietot\u0101ja lieto\u0161anas paradumiem \u2013 tostarp valodai, mekl\u0113\u0161anas piepras\u012bjumiem, iepriek\u0161 apskat\u012btajam saturam;<\/li>\n<li>ieg\u016btu statistikas datus par lapas apmekl\u0113t\u0101ju pl\u016bsmu \u2013 apmekl\u0113t\u0101ju skaitu, lap\u0101 pavad\u012bto laiku u. c.;<\/li>\n<li>lietot\u0101ju autentifik\u0101cijai.<\/li>\n<\/ol>\n<p>Ja nav noteikts cit\u0101di, s\u012bkdatnes tiek glab\u0101tas, kam\u0113r tiek izpild\u012bta darb\u012bba, k\u0101dam nol\u016bkam t\u0101s v\u0101ktas, un p\u0113c tam t\u0101s tiek dz\u0113stas.<\/p>\n<h2>S\u012bkdat\u0146u apstiprin\u0101\u0161ana un atsp\u0113ko\u0161ana<\/h2>\n<p><span style=\"color: #000000;\">Apmekl\u0113jot <a style=\"color: #000000;\" href=\"http:\/\/www.youthments.com\">YouthMents<\/a><a style=\"color: #000000;\" href=\"https:\/\/youthments.com\/lv\/\">\u00a0m\u0101jaslapu<\/a>, lietot\u0101jam tiek att\u0113lots logs ar zi\u0146ojumu par to, ka t\u012bmek\u013ca vietn\u0113 tiek izmantotas s\u012bkdatnes.<\/span><\/p>\n<p><span style=\"color: #000000;\">Nospie\u017eot \u201cSaprotu\u201d, lietot\u0101js apstiprina, ka ir iepazinies ar inform\u0101ciju par s\u012bkdatn\u0113m un to izmanto\u0161anas m\u0113r\u0137iem m\u0101jaslap\u0101.<\/span><\/p>\n<p><span style=\"color: #000000;\">S\u012bkdat\u0146u izmanto\u0161anas tiesiskais pamats ir lietot\u0101ja piekri\u0161ana. Ja izmantojot vietni vai m\u0101jaslapu lietot\u0101js nosl\u0113dz l\u012bgumu \u2013 s\u012bkdat\u0146u apstr\u0101de vajadz\u012bga l\u012bguma ar lietot\u0101ju izpildei, vai, lai Uz\u0146\u0113mums izpild\u012btu savu likumisku pien\u0101kumu vai \u012bstenotu likum\u012bgas intereses.<\/span><\/p>\n<p><span style=\"color: #000000;\">Ikvienas t\u012bmek\u013ca p\u0101rl\u016bkprogrammas dro\u0161\u012bbas iestat\u012bjumos iesp\u0113jama s\u012bkdat\u0146u ierobe\u017eo\u0161ana un dz\u0113\u0161ana. Tom\u0113r j\u0101\u0146em v\u0113r\u0101, ka nevar atteikties no oblig\u0101to un funkcion\u0101lo s\u012bkdat\u0146u lieto\u0161anas, jo bez t\u0101m vietnes un m\u0101jaslapas pilnv\u0113rt\u012bgas lieto\u0161anas nodro\u0161in\u0101\u0161ana nav iesp\u0113jama<\/span><\/p>\n<p>&nbsp;<\/p>\n","protected":false},"excerpt":{"rendered":"<p>S\u012bkdat\u0146u izmanto\u0161ana Inform\u0113jam, ka YouthMents t\u012bmek\u013ca vietn\u0113 tiek izmantotas s\u012bkdatnes. Aicin\u0101m iepaz\u012bties ar pla\u0161\u0101ku inform\u0101ciju par m\u016bsu vietn\u0113 izmantotaj\u0101m s\u012bkdatn\u0113m zem\u0101k. Uz\u0146\u0113muma m\u0101jaslap\u0101 var tikt ievietotas saites uz tre\u0161o personu interneta m\u0101jaslap\u0101m, kur\u0101m ir savi lieto\u0161anas un personas datu aizsardz\u012bbas noteikumi, par ko Uz\u0146\u0113mums neuz\u0146emas atbild\u012bbu. Kas ir s\u012bkdatnes? S\u012bkdatnes ir mazas teksta datnes, kuras&#8230;<\/p>\n","protected":false},"author":1,"featured_media":0,"parent":0,"menu_order":0,"comment_status":"closed","ping_status":"closed","template":"","meta":{"inline_featured_image":false},"acf":[],"yoast_head":"<!-- This site is optimized with the Yoast SEO plugin v21.8.1 - https:\/\/yoast.com\/wordpress\/plugins\/seo\/ -->\n<title>S\u012bkdatnes YouthMents | Studentu apartamenti R\u012bg\u0101 - YouthMents<\/title>\n<meta name=\"description\" content=\"Inform\u0113jam, ka YouthMents t\u012bmek\u013ca vietn\u0113 tiek izmantotas s\u012bkdatnes. Aicin\u0101m iepaz\u012bties ar pla\u0161\u0101ku inform\u0101ciju par vietn\u0113 izmantotaj\u0101m s\u012bkdatn\u0113m.\" \/>\n<meta name=\"robots\" content=\"index, follow, max-snippet:-1, max-image-preview:large, max-video-preview:-1\" \/>\n<link rel=\"canonical\" href=\"https:\/\/youthments.com\/lv\/youthments-sikdatnes\/\" \/>\n<meta property=\"og:locale\" content=\"lv_LV\" \/>\n<meta property=\"og:type\" content=\"article\" \/>\n<meta property=\"og:title\" content=\"S\u012bkdatnes YouthMents | Studentu apartamenti R\u012bg\u0101 - YouthMents\" \/>\n<meta property=\"og:description\" content=\"Inform\u0113jam, ka YouthMents t\u012bmek\u013ca vietn\u0113 tiek izmantotas s\u012bkdatnes. Aicin\u0101m iepaz\u012bties ar pla\u0161\u0101ku inform\u0101ciju par vietn\u0113 izmantotaj\u0101m s\u012bkdatn\u0113m.\" \/>\n<meta property=\"og:url\" content=\"https:\/\/youthments.com\/lv\/youthments-sikdatnes\/\" \/>\n<meta property=\"og:site_name\" content=\"youthments.com\" \/>\n<meta property=\"article:publisher\" content=\"https:\/\/www.facebook.com\/SMARTmentsRiga\/\" \/>\n<meta property=\"article:modified_time\" content=\"2023-03-13T09:47:46+00:00\" \/>\n<meta name=\"twitter:card\" content=\"summary_large_image\" \/>\n<meta name=\"twitter:label1\" content=\"Est. reading time\" \/>\n\t<meta name=\"twitter:data1\" content=\"3 minutes\" \/>\n<script type=\"application\/ld+json\" class=\"yoast-schema-graph\">{\"@context\":\"https:\/\/schema.org\",\"@graph\":[{\"@type\":\"WebPage\",\"@id\":\"https:\/\/youthments.com\/lv\/youthments-sikdatnes\/\",\"url\":\"https:\/\/youthments.com\/lv\/youthments-sikdatnes\/\",\"name\":\"S\u012bkdatnes YouthMents | Studentu apartamenti R\u012bg\u0101 - YouthMents\",\"isPartOf\":{\"@id\":\"https:\/\/youthments.com\/lv\/#website\"},\"datePublished\":\"2020-09-25T02:38:15+00:00\",\"dateModified\":\"2023-03-13T09:47:46+00:00\",\"description\":\"Inform\u0113jam, ka YouthMents t\u012bmek\u013ca vietn\u0113 tiek izmantotas s\u012bkdatnes. Aicin\u0101m iepaz\u012bties ar pla\u0161\u0101ku inform\u0101ciju par vietn\u0113 izmantotaj\u0101m s\u012bkdatn\u0113m.\",\"breadcrumb\":{\"@id\":\"https:\/\/youthments.com\/lv\/youthments-sikdatnes\/#breadcrumb\"},\"inLanguage\":\"lv-LV\",\"potentialAction\":[{\"@type\":\"ReadAction\",\"target\":[\"https:\/\/youthments.com\/lv\/youthments-sikdatnes\/\"]}]},{\"@type\":\"BreadcrumbList\",\"@id\":\"https:\/\/youthments.com\/lv\/youthments-sikdatnes\/#breadcrumb\",\"itemListElement\":[{\"@type\":\"ListItem\",\"position\":1,\"name\":\"Home\",\"item\":\"https:\/\/youthments.com\/lv\/\"},{\"@type\":\"ListItem\",\"position\":2,\"name\":\"S\u012bkdatnes\"}]},{\"@type\":\"WebSite\",\"@id\":\"https:\/\/youthments.com\/lv\/#website\",\"url\":\"https:\/\/youthments.com\/lv\/\",\"name\":\"youthments.com\",\"description\":\"Student Hotel in Riga\",\"publisher\":{\"@id\":\"https:\/\/youthments.com\/lv\/#organization\"},\"potentialAction\":[{\"@type\":\"SearchAction\",\"target\":{\"@type\":\"EntryPoint\",\"urlTemplate\":\"https:\/\/youthments.com\/lv\/?s={search_term_string}\"},\"query-input\":\"required name=search_term_string\"}],\"inLanguage\":\"lv-LV\"},{\"@type\":\"Organization\",\"@id\":\"https:\/\/youthments.com\/lv\/#organization\",\"name\":\"SMARTments\",\"url\":\"https:\/\/youthments.com\/lv\/\",\"logo\":{\"@type\":\"ImageObject\",\"inLanguage\":\"lv-LV\",\"@id\":\"https:\/\/youthments.com\/lv\/#\/schema\/logo\/image\/\",\"url\":\"https:\/\/youthments.com\/wp-content\/uploads\/2020\/12\/smartments-logo-en-1.png\",\"contentUrl\":\"https:\/\/youthments.com\/wp-content\/uploads\/2020\/12\/smartments-logo-en-1.png\",\"width\":1068,\"height\":194,\"caption\":\"SMARTments\"},\"image\":{\"@id\":\"https:\/\/youthments.com\/lv\/#\/schema\/logo\/image\/\"},\"sameAs\":[\"https:\/\/www.facebook.com\/SMARTmentsRiga\/\",\"https:\/\/www.instagram.com\/smartments.riga\/\"]}]}<\/script>\n<!-- \/ Yoast SEO plugin. -->","yoast_head_json":{"title":"S\u012bkdatnes YouthMents | Studentu apartamenti R\u012bg\u0101 - YouthMents","description":"Inform\u0113jam, ka YouthMents t\u012bmek\u013ca vietn\u0113 tiek izmantotas s\u012bkdatnes. Aicin\u0101m iepaz\u012bties ar pla\u0161\u0101ku inform\u0101ciju par vietn\u0113 izmantotaj\u0101m s\u012bkdatn\u0113m.","robots":{"index":"index","follow":"follow","max-snippet":"max-snippet:-1","max-image-preview":"max-image-preview:large","max-video-preview":"max-video-preview:-1"},"canonical":"https:\/\/youthments.com\/lv\/youthments-sikdatnes\/","og_locale":"lv_LV","og_type":"article","og_title":"S\u012bkdatnes YouthMents | Studentu apartamenti R\u012bg\u0101 - YouthMents","og_description":"Inform\u0113jam, ka YouthMents t\u012bmek\u013ca vietn\u0113 tiek izmantotas s\u012bkdatnes. Aicin\u0101m iepaz\u012bties ar pla\u0161\u0101ku inform\u0101ciju par vietn\u0113 izmantotaj\u0101m s\u012bkdatn\u0113m.","og_url":"https:\/\/youthments.com\/lv\/youthments-sikdatnes\/","og_site_name":"youthments.com","article_publisher":"https:\/\/www.facebook.com\/SMARTmentsRiga\/","article_modified_time":"2023-03-13T09:47:46+00:00","twitter_card":"summary_large_image","twitter_misc":{"Est. reading time":"3 minutes"},"schema":{"@context":"https:\/\/schema.org","@graph":[{"@type":"WebPage","@id":"https:\/\/youthments.com\/lv\/youthments-sikdatnes\/","url":"https:\/\/youthments.com\/lv\/youthments-sikdatnes\/","name":"S\u012bkdatnes YouthMents | Studentu apartamenti R\u012bg\u0101 - YouthMents","isPartOf":{"@id":"https:\/\/youthments.com\/lv\/#website"},"datePublished":"2020-09-25T02:38:15+00:00","dateModified":"2023-03-13T09:47:46+00:00","description":"Inform\u0113jam, ka YouthMents t\u012bmek\u013ca vietn\u0113 tiek izmantotas s\u012bkdatnes. Aicin\u0101m iepaz\u012bties ar pla\u0161\u0101ku inform\u0101ciju par vietn\u0113 izmantotaj\u0101m s\u012bkdatn\u0113m.","breadcrumb":{"@id":"https:\/\/youthments.com\/lv\/youthments-sikdatnes\/#breadcrumb"},"inLanguage":"lv-LV","potentialAction":[{"@type":"ReadAction","target":["https:\/\/youthments.com\/lv\/youthments-sikdatnes\/"]}]},{"@type":"BreadcrumbList","@id":"https:\/\/youthments.com\/lv\/youthments-sikdatnes\/#breadcrumb","itemListElement":[{"@type":"ListItem","position":1,"name":"Home","item":"https:\/\/youthments.com\/lv\/"},{"@type":"ListItem","position":2,"name":"S\u012bkdatnes"}]},{"@type":"WebSite","@id":"https:\/\/youthments.com\/lv\/#website","url":"https:\/\/youthments.com\/lv\/","name":"youthments.com","description":"Student Hotel in Riga","publisher":{"@id":"https:\/\/youthments.com\/lv\/#organization"},"potentialAction":[{"@type":"SearchAction","target":{"@type":"EntryPoint","urlTemplate":"https:\/\/youthments.com\/lv\/?s={search_term_string}"},"query-input":"required name=search_term_string"}],"inLanguage":"lv-LV"},{"@type":"Organization","@id":"https:\/\/youthments.com\/lv\/#organization","name":"SMARTments","url":"https:\/\/youthments.com\/lv\/","logo":{"@type":"ImageObject","inLanguage":"lv-LV","@id":"https:\/\/youthments.com\/lv\/#\/schema\/logo\/image\/","url":"https:\/\/youthments.com\/wp-content\/uploads\/2020\/12\/smartments-logo-en-1.png","contentUrl":"https:\/\/youthments.com\/wp-content\/uploads\/2020\/12\/smartments-logo-en-1.png","width":1068,"height":194,"caption":"SMARTments"},"image":{"@id":"https:\/\/youthments.com\/lv\/#\/schema\/logo\/image\/"},"sameAs":["https:\/\/www.facebook.com\/SMARTmentsRiga\/","https:\/\/www.instagram.com\/smartments.riga\/"]}]}},"_links":{"self":[{"href":"https:\/\/youthments.com\/lv\/wp-json\/wp\/v2\/pages\/919"}],"collection":[{"href":"https:\/\/youthments.com\/lv\/wp-json\/wp\/v2\/pages"}],"about":[{"href":"https:\/\/youthments.com\/lv\/wp-json\/wp\/v2\/types\/page"}],"author":[{"embeddable":true,"href":"https:\/\/youthments.com\/lv\/wp-json\/wp\/v2\/users\/1"}],"replies":[{"embeddable":true,"href":"https:\/\/youthments.com\/lv\/wp-json\/wp\/v2\/comments?post=919"}],"version-history":[{"count":16,"href":"https:\/\/youthments.com\/lv\/wp-json\/wp\/v2\/pages\/919\/revisions"}],"predecessor-version":[{"id":4124,"href":"https:\/\/youthments.com\/lv\/wp-json\/wp\/v2\/pages\/919\/revisions\/4124"}],"wp:attachment":[{"href":"https:\/\/youthments.com\/lv\/wp-json\/wp\/v2\/media?parent=919"}],"curies":[{"name":"wp","href":"https:\/\/api.w.org\/{rel}","templated":true}]}}