{"id":925,"date":"2020-09-25T06:02:10","date_gmt":"2020-09-25T03:02:10","guid":{"rendered":"https:\/\/smartments.psdev.lv\/gallery\/"},"modified":"2022-03-11T14:04:24","modified_gmt":"2022-03-11T12:04:24","slug":"foto-video","status":"publish","type":"page","link":"https:\/\/youthments.com\/lv\/foto-video\/","title":{"rendered":"Galerija"},"content":{"rendered":"","protected":false},"excerpt":{"rendered":"","protected":false},"author":1,"featured_media":0,"parent":0,"menu_order":0,"comment_status":"closed","ping_status":"closed","template":"gallery.php","meta":{"inline_featured_image":false},"acf":[],"yoast_head":"<!-- This site is optimized with the Yoast SEO plugin v21.8.1 - https:\/\/yoast.com\/wordpress\/plugins\/seo\/ -->\n<title>YouthMents Foto &amp; Video | Galerija - YouthMents R\u012bga<\/title>\n<meta name=\"description\" content=\"\u0160\u012b galerija pied\u0101v\u0101 apskat\u012bt studentu viesn\u012bcas YouthMents R\u012bga foto un video. Apskati apartamentu viesn\u012bcas dz\u012bvok\u013cus, koplieto\u0161anas telpas un \u0113ku.\" \/>\n<meta name=\"robots\" content=\"index, follow, max-snippet:-1, max-image-preview:large, max-video-preview:-1\" \/>\n<link rel=\"canonical\" href=\"https:\/\/youthments.com\/lv\/foto-video\/\" \/>\n<meta property=\"og:locale\" content=\"lv_LV\" \/>\n<meta property=\"og:type\" content=\"article\" \/>\n<meta property=\"og:title\" content=\"YouthMents Foto &amp; Video | Galerija - YouthMents R\u012bga\" \/>\n<meta property=\"og:description\" content=\"\u0160\u012b galerija pied\u0101v\u0101 apskat\u012bt studentu viesn\u012bcas YouthMents R\u012bga foto un video. Apskati apartamentu viesn\u012bcas dz\u012bvok\u013cus, koplieto\u0161anas telpas un \u0113ku.\" \/>\n<meta property=\"og:url\" content=\"https:\/\/youthments.com\/lv\/foto-video\/\" \/>\n<meta property=\"og:site_name\" content=\"youthments.com\" \/>\n<meta property=\"article:publisher\" content=\"https:\/\/www.facebook.com\/SMARTmentsRiga\/\" \/>\n<meta property=\"article:modified_time\" content=\"2022-03-11T12:04:24+00:00\" \/>\n<meta name=\"twitter:card\" content=\"summary_large_image\" \/>\n<script type=\"application\/ld+json\" class=\"yoast-schema-graph\">{\"@context\":\"https:\/\/schema.org\",\"@graph\":[{\"@type\":\"WebPage\",\"@id\":\"https:\/\/youthments.com\/lv\/foto-video\/\",\"url\":\"https:\/\/youthments.com\/lv\/foto-video\/\",\"name\":\"YouthMents Foto & Video | Galerija - YouthMents R\u012bga\",\"isPartOf\":{\"@id\":\"https:\/\/youthments.com\/lv\/#website\"},\"datePublished\":\"2020-09-25T03:02:10+00:00\",\"dateModified\":\"2022-03-11T12:04:24+00:00\",\"description\":\"\u0160\u012b galerija pied\u0101v\u0101 apskat\u012bt studentu viesn\u012bcas YouthMents R\u012bga foto un video. Apskati apartamentu viesn\u012bcas dz\u012bvok\u013cus, koplieto\u0161anas telpas un \u0113ku.\",\"breadcrumb\":{\"@id\":\"https:\/\/youthments.com\/lv\/foto-video\/#breadcrumb\"},\"inLanguage\":\"lv-LV\",\"potentialAction\":[{\"@type\":\"ReadAction\",\"target\":[\"https:\/\/youthments.com\/lv\/foto-video\/\"]}]},{\"@type\":\"BreadcrumbList\",\"@id\":\"https:\/\/youthments.com\/lv\/foto-video\/#breadcrumb\",\"itemListElement\":[{\"@type\":\"ListItem\",\"position\":1,\"name\":\"Home\",\"item\":\"https:\/\/youthments.com\/lv\/\"},{\"@type\":\"ListItem\",\"position\":2,\"name\":\"Galerija\"}]},{\"@type\":\"WebSite\",\"@id\":\"https:\/\/youthments.com\/lv\/#website\",\"url\":\"https:\/\/youthments.com\/lv\/\",\"name\":\"youthments.com\",\"description\":\"Student Hotel in Riga\",\"publisher\":{\"@id\":\"https:\/\/youthments.com\/lv\/#organization\"},\"potentialAction\":[{\"@type\":\"SearchAction\",\"target\":{\"@type\":\"EntryPoint\",\"urlTemplate\":\"https:\/\/youthments.com\/lv\/?s={search_term_string}\"},\"query-input\":\"required name=search_term_string\"}],\"inLanguage\":\"lv-LV\"},{\"@type\":\"Organization\",\"@id\":\"https:\/\/youthments.com\/lv\/#organization\",\"name\":\"SMARTments\",\"url\":\"https:\/\/youthments.com\/lv\/\",\"logo\":{\"@type\":\"ImageObject\",\"inLanguage\":\"lv-LV\",\"@id\":\"https:\/\/youthments.com\/lv\/#\/schema\/logo\/image\/\",\"url\":\"https:\/\/youthments.com\/wp-content\/uploads\/2020\/12\/smartments-logo-en-1.png\",\"contentUrl\":\"https:\/\/youthments.com\/wp-content\/uploads\/2020\/12\/smartments-logo-en-1.png\",\"width\":1068,\"height\":194,\"caption\":\"SMARTments\"},\"image\":{\"@id\":\"https:\/\/youthments.com\/lv\/#\/schema\/logo\/image\/\"},\"sameAs\":[\"https:\/\/www.facebook.com\/SMARTmentsRiga\/\",\"https:\/\/www.instagram.com\/smartments.riga\/\"]}]}<\/script>\n<!-- \/ Yoast SEO plugin. -->","yoast_head_json":{"title":"YouthMents Foto & Video | Galerija - YouthMents R\u012bga","description":"\u0160\u012b galerija pied\u0101v\u0101 apskat\u012bt studentu viesn\u012bcas YouthMents R\u012bga foto un video. Apskati apartamentu viesn\u012bcas dz\u012bvok\u013cus, koplieto\u0161anas telpas un \u0113ku.","robots":{"index":"index","follow":"follow","max-snippet":"max-snippet:-1","max-image-preview":"max-image-preview:large","max-video-preview":"max-video-preview:-1"},"canonical":"https:\/\/youthments.com\/lv\/foto-video\/","og_locale":"lv_LV","og_type":"article","og_title":"YouthMents Foto & Video | Galerija - YouthMents R\u012bga","og_description":"\u0160\u012b galerija pied\u0101v\u0101 apskat\u012bt studentu viesn\u012bcas YouthMents R\u012bga foto un video. Apskati apartamentu viesn\u012bcas dz\u012bvok\u013cus, koplieto\u0161anas telpas un \u0113ku.","og_url":"https:\/\/youthments.com\/lv\/foto-video\/","og_site_name":"youthments.com","article_publisher":"https:\/\/www.facebook.com\/SMARTmentsRiga\/","article_modified_time":"2022-03-11T12:04:24+00:00","twitter_card":"summary_large_image","schema":{"@context":"https:\/\/schema.org","@graph":[{"@type":"WebPage","@id":"https:\/\/youthments.com\/lv\/foto-video\/","url":"https:\/\/youthments.com\/lv\/foto-video\/","name":"YouthMents Foto & Video | Galerija - YouthMents R\u012bga","isPartOf":{"@id":"https:\/\/youthments.com\/lv\/#website"},"datePublished":"2020-09-25T03:02:10+00:00","dateModified":"2022-03-11T12:04:24+00:00","description":"\u0160\u012b galerija pied\u0101v\u0101 apskat\u012bt studentu viesn\u012bcas YouthMents R\u012bga foto un video. Apskati apartamentu viesn\u012bcas dz\u012bvok\u013cus, koplieto\u0161anas telpas un \u0113ku.","breadcrumb":{"@id":"https:\/\/youthments.com\/lv\/foto-video\/#breadcrumb"},"inLanguage":"lv-LV","potentialAction":[{"@type":"ReadAction","target":["https:\/\/youthments.com\/lv\/foto-video\/"]}]},{"@type":"BreadcrumbList","@id":"https:\/\/youthments.com\/lv\/foto-video\/#breadcrumb","itemListElement":[{"@type":"ListItem","position":1,"name":"Home","item":"https:\/\/youthments.com\/lv\/"},{"@type":"ListItem","position":2,"name":"Galerija"}]},{"@type":"WebSite","@id":"https:\/\/youthments.com\/lv\/#website","url":"https:\/\/youthments.com\/lv\/","name":"youthments.com","description":"Student Hotel in Riga","publisher":{"@id":"https:\/\/youthments.com\/lv\/#organization"},"potentialAction":[{"@type":"SearchAction","target":{"@type":"EntryPoint","urlTemplate":"https:\/\/youthments.com\/lv\/?s={search_term_string}"},"query-input":"required name=search_term_string"}],"inLanguage":"lv-LV"},{"@type":"Organization","@id":"https:\/\/youthments.com\/lv\/#organization","name":"SMARTments","url":"https:\/\/youthments.com\/lv\/","logo":{"@type":"ImageObject","inLanguage":"lv-LV","@id":"https:\/\/youthments.com\/lv\/#\/schema\/logo\/image\/","url":"https:\/\/youthments.com\/wp-content\/uploads\/2020\/12\/smartments-logo-en-1.png","contentUrl":"https:\/\/youthments.com\/wp-content\/uploads\/2020\/12\/smartments-logo-en-1.png","width":1068,"height":194,"caption":"SMARTments"},"image":{"@id":"https:\/\/youthments.com\/lv\/#\/schema\/logo\/image\/"},"sameAs":["https:\/\/www.facebook.com\/SMARTmentsRiga\/","https:\/\/www.instagram.com\/smartments.riga\/"]}]}},"_links":{"self":[{"href":"https:\/\/youthments.com\/lv\/wp-json\/wp\/v2\/pages\/925"}],"collection":[{"href":"https:\/\/youthments.com\/lv\/wp-json\/wp\/v2\/pages"}],"about":[{"href":"https:\/\/youthments.com\/lv\/wp-json\/wp\/v2\/types\/page"}],"author":[{"embeddable":true,"href":"https:\/\/youthments.com\/lv\/wp-json\/wp\/v2\/users\/1"}],"replies":[{"embeddable":true,"href":"https:\/\/youthments.com\/lv\/wp-json\/wp\/v2\/comments?post=925"}],"version-history":[{"count":11,"href":"https:\/\/youthments.com\/lv\/wp-json\/wp\/v2\/pages\/925\/revisions"}],"predecessor-version":[{"id":2283,"href":"https:\/\/youthments.com\/lv\/wp-json\/wp\/v2\/pages\/925\/revisions\/2283"}],"wp:attachment":[{"href":"https:\/\/youthments.com\/lv\/wp-json\/wp\/v2\/media?parent=925"}],"curies":[{"name":"wp","href":"https:\/\/api.w.org\/{rel}","templated":true}]}}