{"id":928,"date":"2020-09-25T03:06:15","date_gmt":"2020-09-25T00:06:15","guid":{"rendered":"https:\/\/smartments.psdev.lv\/sakums\/"},"modified":"2024-04-26T11:44:58","modified_gmt":"2024-04-26T08:44:58","slug":"sakums","status":"publish","type":"page","link":"https:\/\/youthments.com\/lv\/sakums\/","title":{"rendered":"S\u0101kums"},"content":{"rendered":"","protected":false},"excerpt":{"rendered":"","protected":false},"author":1,"featured_media":0,"parent":0,"menu_order":0,"comment_status":"closed","ping_status":"closed","template":"index.php","meta":{"inline_featured_image":false},"acf":[],"yoast_head":"<!-- This site is optimized with the Yoast SEO plugin v21.8.1 - https:\/\/yoast.com\/wordpress\/plugins\/seo\/ -->\n<title>Studentu viesn\u012bca R\u012bg\u0101 | Dz\u012bvok\u013ci studentiem - YouthMents<\/title>\n<meta name=\"description\" content=\"YouthMents ir jauna studentu viesn\u012bca R\u012bg\u0101, kas ide\u0101li piem\u0113rota studentiem, praktikantiem, vieslektoriem un jaunajiem profesion\u0101\u013ciem.\" \/>\n<meta name=\"robots\" content=\"index, follow, max-snippet:-1, max-image-preview:large, max-video-preview:-1\" \/>\n<link rel=\"canonical\" href=\"https:\/\/youthments.com\/lv\/sakums\/\" \/>\n<meta property=\"og:locale\" content=\"lv_LV\" \/>\n<meta property=\"og:type\" content=\"article\" \/>\n<meta property=\"og:title\" content=\"Studentu viesn\u012bca R\u012bg\u0101 | Dz\u012bvok\u013ci studentiem - YouthMents\" \/>\n<meta property=\"og:description\" content=\"YouthMents ir jauna studentu viesn\u012bca R\u012bg\u0101, kas ide\u0101li piem\u0113rota studentiem, praktikantiem, vieslektoriem un jaunajiem profesion\u0101\u013ciem.\" \/>\n<meta property=\"og:url\" content=\"https:\/\/youthments.com\/lv\/sakums\/\" \/>\n<meta property=\"og:site_name\" content=\"youthments.com\" \/>\n<meta property=\"article:publisher\" content=\"https:\/\/www.facebook.com\/SMARTmentsRiga\/\" \/>\n<meta property=\"article:modified_time\" content=\"2024-04-26T08:44:58+00:00\" \/>\n<meta name=\"twitter:card\" content=\"summary_large_image\" \/>\n<script type=\"application\/ld+json\" class=\"yoast-schema-graph\">{\"@context\":\"https:\/\/schema.org\",\"@graph\":[{\"@type\":\"WebPage\",\"@id\":\"https:\/\/youthments.com\/lv\/sakums\/\",\"url\":\"https:\/\/youthments.com\/lv\/sakums\/\",\"name\":\"Studentu viesn\u012bca R\u012bg\u0101 | Dz\u012bvok\u013ci studentiem - YouthMents\",\"isPartOf\":{\"@id\":\"https:\/\/youthments.com\/lv\/#website\"},\"datePublished\":\"2020-09-25T00:06:15+00:00\",\"dateModified\":\"2024-04-26T08:44:58+00:00\",\"description\":\"YouthMents ir jauna studentu viesn\u012bca R\u012bg\u0101, kas ide\u0101li piem\u0113rota studentiem, praktikantiem, vieslektoriem un jaunajiem profesion\u0101\u013ciem.\",\"breadcrumb\":{\"@id\":\"https:\/\/youthments.com\/lv\/sakums\/#breadcrumb\"},\"inLanguage\":\"lv-LV\",\"potentialAction\":[{\"@type\":\"ReadAction\",\"target\":[\"https:\/\/youthments.com\/lv\/sakums\/\"]}]},{\"@type\":\"BreadcrumbList\",\"@id\":\"https:\/\/youthments.com\/lv\/sakums\/#breadcrumb\",\"itemListElement\":[{\"@type\":\"ListItem\",\"position\":1,\"name\":\"Home\",\"item\":\"https:\/\/youthments.com\/lv\/\"},{\"@type\":\"ListItem\",\"position\":2,\"name\":\"S\u0101kums\"}]},{\"@type\":\"WebSite\",\"@id\":\"https:\/\/youthments.com\/lv\/#website\",\"url\":\"https:\/\/youthments.com\/lv\/\",\"name\":\"youthments.com\",\"description\":\"Student Hotel in Riga\",\"publisher\":{\"@id\":\"https:\/\/youthments.com\/lv\/#organization\"},\"potentialAction\":[{\"@type\":\"SearchAction\",\"target\":{\"@type\":\"EntryPoint\",\"urlTemplate\":\"https:\/\/youthments.com\/lv\/?s={search_term_string}\"},\"query-input\":\"required name=search_term_string\"}],\"inLanguage\":\"lv-LV\"},{\"@type\":\"Organization\",\"@id\":\"https:\/\/youthments.com\/lv\/#organization\",\"name\":\"SMARTments\",\"url\":\"https:\/\/youthments.com\/lv\/\",\"logo\":{\"@type\":\"ImageObject\",\"inLanguage\":\"lv-LV\",\"@id\":\"https:\/\/youthments.com\/lv\/#\/schema\/logo\/image\/\",\"url\":\"https:\/\/youthments.com\/wp-content\/uploads\/2020\/12\/smartments-logo-en-1.png\",\"contentUrl\":\"https:\/\/youthments.com\/wp-content\/uploads\/2020\/12\/smartments-logo-en-1.png\",\"width\":1068,\"height\":194,\"caption\":\"SMARTments\"},\"image\":{\"@id\":\"https:\/\/youthments.com\/lv\/#\/schema\/logo\/image\/\"},\"sameAs\":[\"https:\/\/www.facebook.com\/SMARTmentsRiga\/\",\"https:\/\/www.instagram.com\/smartments.riga\/\"]}]}<\/script>\n<!-- \/ Yoast SEO plugin. -->","yoast_head_json":{"title":"Studentu viesn\u012bca R\u012bg\u0101 | Dz\u012bvok\u013ci studentiem - YouthMents","description":"YouthMents ir jauna studentu viesn\u012bca R\u012bg\u0101, kas ide\u0101li piem\u0113rota studentiem, praktikantiem, vieslektoriem un jaunajiem profesion\u0101\u013ciem.","robots":{"index":"index","follow":"follow","max-snippet":"max-snippet:-1","max-image-preview":"max-image-preview:large","max-video-preview":"max-video-preview:-1"},"canonical":"https:\/\/youthments.com\/lv\/sakums\/","og_locale":"lv_LV","og_type":"article","og_title":"Studentu viesn\u012bca R\u012bg\u0101 | Dz\u012bvok\u013ci studentiem - YouthMents","og_description":"YouthMents ir jauna studentu viesn\u012bca R\u012bg\u0101, kas ide\u0101li piem\u0113rota studentiem, praktikantiem, vieslektoriem un jaunajiem profesion\u0101\u013ciem.","og_url":"https:\/\/youthments.com\/lv\/sakums\/","og_site_name":"youthments.com","article_publisher":"https:\/\/www.facebook.com\/SMARTmentsRiga\/","article_modified_time":"2024-04-26T08:44:58+00:00","twitter_card":"summary_large_image","schema":{"@context":"https:\/\/schema.org","@graph":[{"@type":"WebPage","@id":"https:\/\/youthments.com\/lv\/sakums\/","url":"https:\/\/youthments.com\/lv\/sakums\/","name":"Studentu viesn\u012bca R\u012bg\u0101 | Dz\u012bvok\u013ci studentiem - YouthMents","isPartOf":{"@id":"https:\/\/youthments.com\/lv\/#website"},"datePublished":"2020-09-25T00:06:15+00:00","dateModified":"2024-04-26T08:44:58+00:00","description":"YouthMents ir jauna studentu viesn\u012bca R\u012bg\u0101, kas ide\u0101li piem\u0113rota studentiem, praktikantiem, vieslektoriem un jaunajiem profesion\u0101\u013ciem.","breadcrumb":{"@id":"https:\/\/youthments.com\/lv\/sakums\/#breadcrumb"},"inLanguage":"lv-LV","potentialAction":[{"@type":"ReadAction","target":["https:\/\/youthments.com\/lv\/sakums\/"]}]},{"@type":"BreadcrumbList","@id":"https:\/\/youthments.com\/lv\/sakums\/#breadcrumb","itemListElement":[{"@type":"ListItem","position":1,"name":"Home","item":"https:\/\/youthments.com\/lv\/"},{"@type":"ListItem","position":2,"name":"S\u0101kums"}]},{"@type":"WebSite","@id":"https:\/\/youthments.com\/lv\/#website","url":"https:\/\/youthments.com\/lv\/","name":"youthments.com","description":"Student Hotel in Riga","publisher":{"@id":"https:\/\/youthments.com\/lv\/#organization"},"potentialAction":[{"@type":"SearchAction","target":{"@type":"EntryPoint","urlTemplate":"https:\/\/youthments.com\/lv\/?s={search_term_string}"},"query-input":"required name=search_term_string"}],"inLanguage":"lv-LV"},{"@type":"Organization","@id":"https:\/\/youthments.com\/lv\/#organization","name":"SMARTments","url":"https:\/\/youthments.com\/lv\/","logo":{"@type":"ImageObject","inLanguage":"lv-LV","@id":"https:\/\/youthments.com\/lv\/#\/schema\/logo\/image\/","url":"https:\/\/youthments.com\/wp-content\/uploads\/2020\/12\/smartments-logo-en-1.png","contentUrl":"https:\/\/youthments.com\/wp-content\/uploads\/2020\/12\/smartments-logo-en-1.png","width":1068,"height":194,"caption":"SMARTments"},"image":{"@id":"https:\/\/youthments.com\/lv\/#\/schema\/logo\/image\/"},"sameAs":["https:\/\/www.facebook.com\/SMARTmentsRiga\/","https:\/\/www.instagram.com\/smartments.riga\/"]}]}},"_links":{"self":[{"href":"https:\/\/youthments.com\/lv\/wp-json\/wp\/v2\/pages\/928"}],"collection":[{"href":"https:\/\/youthments.com\/lv\/wp-json\/wp\/v2\/pages"}],"about":[{"href":"https:\/\/youthments.com\/lv\/wp-json\/wp\/v2\/types\/page"}],"author":[{"embeddable":true,"href":"https:\/\/youthments.com\/lv\/wp-json\/wp\/v2\/users\/1"}],"replies":[{"embeddable":true,"href":"https:\/\/youthments.com\/lv\/wp-json\/wp\/v2\/comments?post=928"}],"version-history":[{"count":21,"href":"https:\/\/youthments.com\/lv\/wp-json\/wp\/v2\/pages\/928\/revisions"}],"predecessor-version":[{"id":4387,"href":"https:\/\/youthments.com\/lv\/wp-json\/wp\/v2\/pages\/928\/revisions\/4387"}],"wp:attachment":[{"href":"https:\/\/youthments.com\/lv\/wp-json\/wp\/v2\/media?parent=928"}],"curies":[{"name":"wp","href":"https:\/\/api.w.org\/{rel}","templated":true}]}}