{"id":931,"date":"2020-09-25T05:40:42","date_gmt":"2020-09-25T02:40:42","guid":{"rendered":"https:\/\/smartments.psdev.lv\/internal-rules-of-procedure\/"},"modified":"2023-08-22T10:59:33","modified_gmt":"2023-08-22T07:59:33","slug":"rezervacijas-noteikumi","status":"publish","type":"page","link":"https:\/\/youthments.com\/lv\/rezervacijas-noteikumi\/","title":{"rendered":"Rezerv\u0101cijas noteikumi"},"content":{"rendered":"<p><span style=\"color: #000000;\"><strong>\u0160eit atrodami studentu viesn\u012bcas YouthMents rezerv\u0101cijas noteikumi. Izlasi tos pirms veic rezerv\u0101ciju!<\/strong><\/span><\/p>\n<p>1. Rezerv\u0113t viesn\u012bcas YouthMents Student dz\u012bvok\u013cus iesp\u0113jams m\u0101jaslap\u0101 www.youthments.com.<\/p>\n<p>2. Viesn\u012bcas m\u0101jaslapas rezerv\u0113\u0161anas form\u0101 j\u0101izv\u0113las re\u0123istr\u0113\u0161an\u0101s un izbrauk\u0161anas datums (vismaz 30 dienas) un j\u0101uzklik\u0161\u0137ina uz &#8220;Mekl\u0113t&#8221;. Ja dz\u012bvok\u013ci b\u016bs pieejami, tie par\u0101d\u012bsies mekl\u0113\u0161anas rezult\u0101tos. Ja dz\u012bvok\u013ci nepar\u0101d\u0101s, tad tu vari apl\u016bkot pieejam\u012bbas kalend\u0101ru un atrast datumu, kad tevis izv\u0113l\u0113tais dz\u012bvok\u013ca veids ir pieejams. Izv\u0113lies dz\u012bvok\u013ca veidu, uzklik\u0161\u0137inot uz &#8220;Atlas\u012bt&#8221;. Ja v\u0113lies, tad pievieno rezerv\u0101cijai gultasve\u013cas un dvie\u013cu komplektu. Tad klik\u0161\u0137ini uz &#8220;N\u0101kamais solis&#8221;. Aizpildi visu rezerv\u0113\u0161anas form\u0101 pras\u012bto inform\u0101ciju un uzklik\u0161\u0137ini uz &#8220;Rezerv\u0113t t\u016bl\u012bt&#8221;. P\u0113c rezerv\u0113\u0161anas formas iesnieg\u0161anas uz nor\u0101d\u012bto e-pastu tiks nos\u016bt\u012bti Youthments SIA rekviz\u012bti. Lai garant\u0113tu savu rezerv\u0101ciju tev j\u0101iemaks\u0101 dro\u0161\u012bbas nauda viena \u012bres m\u0113ne\u0161a apm\u0113r\u0101 m\u016bsu bankas kont\u0101 24 stundu laik\u0101. Kad sa\u0146emsim dro\u0161\u012bbas naudu m\u016bsu bankas kont\u0101 (tas var aiz\u0146emt 3 &#8211; 5 dienas), tev tiks nos\u016bt\u012bts rezerv\u0101cijas apstiprin\u0101jums.<\/p>\n<p>3. Ja nesa\u0146emsim dro\u0161\u012bbas naudu m\u016bsu bankas kont\u0101 5 darba dienu laik\u0101, tava rezerv\u0101cija tiks atcelta.<\/p>\n<p>4. Ja naudas p\u0101rskait\u012bjumam nepiecie\u0161ams ilg\u0101k par 5 darba dien\u0101m, tad tev j\u0101ats\u016bta maks\u0101juma uzdevuma kopija uz e-pastu &#x69;&#110;f&#x6f;&#64;&#121;&#x6f;&#x75;&#116;h&#x6d;&#101;n&#x74;&#x73;&#46;c&#x6f;&#109;.<\/p>\n<p>5. Rezerv\u0101ciju bezmaksas iesp\u0113jams atcelt 1 m\u0113nesi (30 dienas) pirms iebrauk\u0161anas. P\u0113c tam iemaks\u0101t\u0101 dro\u0161\u012bbas nauda netiek atgriezta.<\/p>\n<p>6. Dro\u0161\u012bbas nauda tiek atmaks\u0101ta tev atpaka\u013c p\u0113c \u012bres perioda beig\u0101m saska\u0146\u0101 ar \u012bres l\u012bguma noteikumiem.<\/p>\n<p>7. YouthMents m\u0101jaslap\u0101 iesp\u0113jams rezerv\u0113t dz\u012bvokli tikai ilgtermi\u0146\u0101 (30 dienas un vair\u0101k). Ja nepiecie\u0161ams rezerv\u0113t dz\u012bvokli \u012bstermi\u0146\u0101 (maz\u0101k k\u0101 viens m\u0113nesis), tad, l\u016bdzu, veic rezerv\u0101ciju Booking.com vai Airbnb.com.<\/p>\n<p>8. Gultasve\u013cas un dvie\u013cu komplekts nav iek\u013cauts dz\u012bvok\u013ca cen\u0101. Ja v\u0113lies, lai gultasve\u013ca un dvie\u013cu komlekts b\u016btu dz\u012bvokl\u012b tavas iebrauk\u0161anas dien\u0101, tad tev j\u0101izv\u0113las \u0161is papildpakalpojums rezerv\u0101cijas br\u012bd\u012b. Ja neizv\u0113l\u0113sies \u0161o papildpakalpojumu, tad neaizmirsti pa\u0146emt l\u012bdzi savu gultasve\u013cu un dvie\u013cus. \u0160o pakalpojumu neb\u016bs iesp\u0113jams sa\u0146emt uz vietas iebrauk\u0161anas dien\u0101. T\u0101p\u0113c pievieno \u0161o pakalpojumu rezerv\u0101cijai jau iepriek\u0161. YouthMents nav atbild\u012bgs, ja tavas iebrauk\u0161anas dien\u0101 dz\u012bvokl\u012b nav gultasve\u013ca un dvie\u013ci, ja tie iepriek\u0161 nebija izv\u0113l\u0113ti k\u0101 papildpakalpojums.<\/p>\n<p>9. Iebrauk\u0161anas dien\u0101 tu maks\u0101 \u012bres maksu par pirmo m\u0113nesi (30 dien\u0101m) un maksu par gultasve\u013cas un dvie\u013cu komplektu, ja t\u0101ds izv\u0113l\u0113ts. Tu vari maks\u0101t ar bankas karti ofis\u0101 (Indri\u0137a iel\u0101 8B, R\u012bga, LV-1004) vai ar p\u0101rskait\u012bjumu. Vari izv\u0113l\u0113ties sev \u0113rt\u0101ko maks\u0101\u0161anas veidu.<\/p>\n<p>10. Maksa par \u012bri tiek izs\u016bt\u012bta katru m\u0113nesi par n\u0101ko\u0161o m\u0113nesi. Tev ir dotas septi\u0146as dienas, lai apmaks\u0101tu r\u0113\u0137inu.<\/p>\n<p>11. \u012ares l\u012bguma beig\u0101s tu maks\u0101 par paliku\u0161aj\u0101m dien\u0101m, nevis par veselu m\u0113nesi.<\/p>\n<p>12. Par iebrauk\u0161anas datuma mai\u0146u ir iesp\u0113jams vienoties ar viesn\u012bcas administr\u0101ciju, rakstot uz e-pastu &#x69;&#110;f&#x6f;&#x40;&#121;o&#x75;&#116;h&#x6d;&#x65;&#110;t&#x73;&#46;c&#x6f;&#x6d;. Tev nepiecie\u0161ams m\u016bs inform\u0113t vismaz 5 dienas pirms iebrauk\u0161anas.<\/p>\n<p>13. P\u0113c tam, kad ir izveidots r\u0113\u0137ins par pirmo \u012bres m\u0113nesi, iebrauk\u0161anas datumu main\u012bt nav iesp\u0113jams.<\/p>\n<p>14. Rezerv\u0113t\u0101 dz\u012bvok\u013ca mai\u0146a uz citas kategorijas dz\u012bvokli, ja tas ir pieejams, ir iesp\u0113jama, pazi\u0146ojot par to viesn\u012bcas administr\u0101cijai vismaz 5 dienas pirms iera\u0161an\u0101s.<\/p>\n<p>15. Izbrauk\u0161anas datumu ir iesp\u0113jams main\u012bt, pazi\u0146ojot par to viesn\u012bcas administr\u0101cijai vismaz 30 dienas iepriek\u0161. P\u0113c tam, kad ir izveidots p\u0113d\u0113j\u0101 m\u0113ne\u0161a r\u0113\u0137ins, izbrauk\u0161anas datumu main\u012bt nav iesp\u0113jams.<\/p>\n<p>16. Mainot dz\u012bvokli uz citas kategorijas dz\u012bvokli, tiek main\u012bta ar\u012b fiks\u0113t\u0101 \u012bres maksa atbilsto\u0161i dz\u012bvok\u013ca kategorijai.<\/p>\n<p>17. Rezerv\u0101cijas maks\u0101, k\u0101 ar\u012b turpm\u0101kajos \u012bres maks\u0101jumos, ir iek\u013cautas visas izmaksas, kas saist\u012btas ar dz\u012bvok\u013ca uztur\u0113\u0161anu un apsaimnieko\u0161anu, pievienot\u0101s v\u0113rt\u012bbas nodoklis, maksa par komun\u0101lajiem pakalpojumiem (apkuri, \u016bdeni), elektr\u012bba, internets, pamata virtuves piederumi, pieeja koplieto\u0161anas telp\u0101m, velosip\u0113du novietne un dz\u012bvok\u013ca uzkop\u0161ana divas reizes m\u0113nes\u012b.<\/p>\n<p>18. YouthMents Student pamat\u0101 izmitina studentus, jaunos profesion\u0101\u013cus, praktikantus, vieslektorus, da\u017e\u0101du projektu dal\u012bbniekus. Viesn\u012bcu iesp\u0113jams rezerv\u0113t ar\u012b cit\u0101m person\u0101m, ja ir t\u0101da v\u0113lme. Ta\u010du j\u0101r\u0113\u0137in\u0101s, ka viesn\u012bc\u0101 valda studentu atmosf\u0113ra.<\/p>\n<p>19. YouthMents neatbild par tev blakus dz\u012bvojo\u0161o \u012brnieku uzved\u012bbu, kult\u016bras, reli\u0123ijas vai dz\u012bvesveida at\u0161\u0137ir\u012bb\u0101m.<\/p>\n<p><span style=\"color: #000000;\">20. Pirms rezerv\u0101cijas formas iesnieg\u0161anas, tu esi iepazinies\/usies ar \u0161iem rezerv\u0101cijas noteikumiem, <a style=\"color: #000000;\" href=\"https:\/\/youthments.com\/wp-content\/uploads\/2022\/11\/Lease-contract_example.pdf\">\u012bres l\u012bguma paraugu<\/a>un <a style=\"color: #000000;\" href=\"https:\/\/youthments.com\/wp-content\/uploads\/2022\/11\/LV_Ieks\u030ce\u0304ja\u0304s-ka\u0304rti\u0304bas-noteikumi.pdf\">viesn\u012bcas iek\u0161\u0113jiem k\u0101rt\u012bbas noteikumiem<\/a>, piekr\u012bti tiem un ap\u0146emies tos iev\u0113rot.<\/span><\/p>\n","protected":false},"excerpt":{"rendered":"<p>\u0160eit atrodami studentu viesn\u012bcas YouthMents rezerv\u0101cijas noteikumi. Izlasi tos pirms veic rezerv\u0101ciju! 1. Rezerv\u0113t viesn\u012bcas YouthMents Student dz\u012bvok\u013cus iesp\u0113jams m\u0101jaslap\u0101 www.youthments.com. 2. Viesn\u012bcas m\u0101jaslapas rezerv\u0113\u0161anas form\u0101 j\u0101izv\u0113las re\u0123istr\u0113\u0161an\u0101s un izbrauk\u0161anas datums (vismaz 30 dienas) un j\u0101uzklik\u0161\u0137ina uz &#8220;Mekl\u0113t&#8221;. Ja dz\u012bvok\u013ci b\u016bs pieejami, tie par\u0101d\u012bsies mekl\u0113\u0161anas rezult\u0101tos. Ja dz\u012bvok\u013ci nepar\u0101d\u0101s, tad tu vari apl\u016bkot pieejam\u012bbas kalend\u0101ru&#8230;<\/p>\n","protected":false},"author":1,"featured_media":0,"parent":0,"menu_order":0,"comment_status":"closed","ping_status":"closed","template":"","meta":{"inline_featured_image":false},"acf":[],"yoast_head":"<!-- This site is optimized with the Yoast SEO plugin v21.8.1 - https:\/\/yoast.com\/wordpress\/plugins\/seo\/ -->\n<title>Rezerv\u0101cijas noteikumi YouthMents | Studentu istabas R\u012bg\u0101<\/title>\n<meta name=\"description\" content=\"\u0160aj\u0101 sada\u013c\u0101 atrodami studentu viesn\u012bcas YouthMents rezerv\u0101cijas noteikumi. Izlasi tos pirms veic rezerv\u0101ciju dienesta viesn\u012bcas rezerv\u0113\u0161anas sist\u0113m\u0101!\" \/>\n<meta name=\"robots\" content=\"index, follow, max-snippet:-1, max-image-preview:large, max-video-preview:-1\" \/>\n<link rel=\"canonical\" href=\"https:\/\/youthments.com\/lv\/rezervacijas-noteikumi\/\" \/>\n<meta property=\"og:locale\" content=\"lv_LV\" \/>\n<meta property=\"og:type\" content=\"article\" \/>\n<meta property=\"og:title\" content=\"Rezerv\u0101cijas noteikumi YouthMents | Studentu istabas R\u012bg\u0101\" \/>\n<meta property=\"og:description\" content=\"\u0160aj\u0101 sada\u013c\u0101 atrodami studentu viesn\u012bcas YouthMents rezerv\u0101cijas noteikumi. Izlasi tos pirms veic rezerv\u0101ciju dienesta viesn\u012bcas rezerv\u0113\u0161anas sist\u0113m\u0101!\" \/>\n<meta property=\"og:url\" content=\"https:\/\/youthments.com\/lv\/rezervacijas-noteikumi\/\" \/>\n<meta property=\"og:site_name\" content=\"youthments.com\" \/>\n<meta property=\"article:publisher\" content=\"https:\/\/www.facebook.com\/SMARTmentsRiga\/\" \/>\n<meta property=\"article:modified_time\" content=\"2023-08-22T07:59:33+00:00\" \/>\n<meta name=\"twitter:card\" content=\"summary_large_image\" \/>\n<meta name=\"twitter:label1\" content=\"Est. reading time\" \/>\n\t<meta name=\"twitter:data1\" content=\"3 minutes\" \/>\n<script type=\"application\/ld+json\" class=\"yoast-schema-graph\">{\"@context\":\"https:\/\/schema.org\",\"@graph\":[{\"@type\":\"WebPage\",\"@id\":\"https:\/\/youthments.com\/lv\/rezervacijas-noteikumi\/\",\"url\":\"https:\/\/youthments.com\/lv\/rezervacijas-noteikumi\/\",\"name\":\"Rezerv\u0101cijas noteikumi YouthMents | Studentu istabas R\u012bg\u0101\",\"isPartOf\":{\"@id\":\"https:\/\/youthments.com\/lv\/#website\"},\"datePublished\":\"2020-09-25T02:40:42+00:00\",\"dateModified\":\"2023-08-22T07:59:33+00:00\",\"description\":\"\u0160aj\u0101 sada\u013c\u0101 atrodami studentu viesn\u012bcas YouthMents rezerv\u0101cijas noteikumi. Izlasi tos pirms veic rezerv\u0101ciju dienesta viesn\u012bcas rezerv\u0113\u0161anas sist\u0113m\u0101!\",\"breadcrumb\":{\"@id\":\"https:\/\/youthments.com\/lv\/rezervacijas-noteikumi\/#breadcrumb\"},\"inLanguage\":\"lv-LV\",\"potentialAction\":[{\"@type\":\"ReadAction\",\"target\":[\"https:\/\/youthments.com\/lv\/rezervacijas-noteikumi\/\"]}]},{\"@type\":\"BreadcrumbList\",\"@id\":\"https:\/\/youthments.com\/lv\/rezervacijas-noteikumi\/#breadcrumb\",\"itemListElement\":[{\"@type\":\"ListItem\",\"position\":1,\"name\":\"Home\",\"item\":\"https:\/\/youthments.com\/lv\/\"},{\"@type\":\"ListItem\",\"position\":2,\"name\":\"Rezerv\u0101cijas noteikumi\"}]},{\"@type\":\"WebSite\",\"@id\":\"https:\/\/youthments.com\/lv\/#website\",\"url\":\"https:\/\/youthments.com\/lv\/\",\"name\":\"youthments.com\",\"description\":\"Student Hotel in Riga\",\"publisher\":{\"@id\":\"https:\/\/youthments.com\/lv\/#organization\"},\"potentialAction\":[{\"@type\":\"SearchAction\",\"target\":{\"@type\":\"EntryPoint\",\"urlTemplate\":\"https:\/\/youthments.com\/lv\/?s={search_term_string}\"},\"query-input\":\"required name=search_term_string\"}],\"inLanguage\":\"lv-LV\"},{\"@type\":\"Organization\",\"@id\":\"https:\/\/youthments.com\/lv\/#organization\",\"name\":\"SMARTments\",\"url\":\"https:\/\/youthments.com\/lv\/\",\"logo\":{\"@type\":\"ImageObject\",\"inLanguage\":\"lv-LV\",\"@id\":\"https:\/\/youthments.com\/lv\/#\/schema\/logo\/image\/\",\"url\":\"https:\/\/youthments.com\/wp-content\/uploads\/2020\/12\/smartments-logo-en-1.png\",\"contentUrl\":\"https:\/\/youthments.com\/wp-content\/uploads\/2020\/12\/smartments-logo-en-1.png\",\"width\":1068,\"height\":194,\"caption\":\"SMARTments\"},\"image\":{\"@id\":\"https:\/\/youthments.com\/lv\/#\/schema\/logo\/image\/\"},\"sameAs\":[\"https:\/\/www.facebook.com\/SMARTmentsRiga\/\",\"https:\/\/www.instagram.com\/smartments.riga\/\"]}]}<\/script>\n<!-- \/ Yoast SEO plugin. -->","yoast_head_json":{"title":"Rezerv\u0101cijas noteikumi YouthMents | Studentu istabas R\u012bg\u0101","description":"\u0160aj\u0101 sada\u013c\u0101 atrodami studentu viesn\u012bcas YouthMents rezerv\u0101cijas noteikumi. Izlasi tos pirms veic rezerv\u0101ciju dienesta viesn\u012bcas rezerv\u0113\u0161anas sist\u0113m\u0101!","robots":{"index":"index","follow":"follow","max-snippet":"max-snippet:-1","max-image-preview":"max-image-preview:large","max-video-preview":"max-video-preview:-1"},"canonical":"https:\/\/youthments.com\/lv\/rezervacijas-noteikumi\/","og_locale":"lv_LV","og_type":"article","og_title":"Rezerv\u0101cijas noteikumi YouthMents | Studentu istabas R\u012bg\u0101","og_description":"\u0160aj\u0101 sada\u013c\u0101 atrodami studentu viesn\u012bcas YouthMents rezerv\u0101cijas noteikumi. Izlasi tos pirms veic rezerv\u0101ciju dienesta viesn\u012bcas rezerv\u0113\u0161anas sist\u0113m\u0101!","og_url":"https:\/\/youthments.com\/lv\/rezervacijas-noteikumi\/","og_site_name":"youthments.com","article_publisher":"https:\/\/www.facebook.com\/SMARTmentsRiga\/","article_modified_time":"2023-08-22T07:59:33+00:00","twitter_card":"summary_large_image","twitter_misc":{"Est. reading time":"3 minutes"},"schema":{"@context":"https:\/\/schema.org","@graph":[{"@type":"WebPage","@id":"https:\/\/youthments.com\/lv\/rezervacijas-noteikumi\/","url":"https:\/\/youthments.com\/lv\/rezervacijas-noteikumi\/","name":"Rezerv\u0101cijas noteikumi YouthMents | Studentu istabas R\u012bg\u0101","isPartOf":{"@id":"https:\/\/youthments.com\/lv\/#website"},"datePublished":"2020-09-25T02:40:42+00:00","dateModified":"2023-08-22T07:59:33+00:00","description":"\u0160aj\u0101 sada\u013c\u0101 atrodami studentu viesn\u012bcas YouthMents rezerv\u0101cijas noteikumi. Izlasi tos pirms veic rezerv\u0101ciju dienesta viesn\u012bcas rezerv\u0113\u0161anas sist\u0113m\u0101!","breadcrumb":{"@id":"https:\/\/youthments.com\/lv\/rezervacijas-noteikumi\/#breadcrumb"},"inLanguage":"lv-LV","potentialAction":[{"@type":"ReadAction","target":["https:\/\/youthments.com\/lv\/rezervacijas-noteikumi\/"]}]},{"@type":"BreadcrumbList","@id":"https:\/\/youthments.com\/lv\/rezervacijas-noteikumi\/#breadcrumb","itemListElement":[{"@type":"ListItem","position":1,"name":"Home","item":"https:\/\/youthments.com\/lv\/"},{"@type":"ListItem","position":2,"name":"Rezerv\u0101cijas noteikumi"}]},{"@type":"WebSite","@id":"https:\/\/youthments.com\/lv\/#website","url":"https:\/\/youthments.com\/lv\/","name":"youthments.com","description":"Student Hotel in Riga","publisher":{"@id":"https:\/\/youthments.com\/lv\/#organization"},"potentialAction":[{"@type":"SearchAction","target":{"@type":"EntryPoint","urlTemplate":"https:\/\/youthments.com\/lv\/?s={search_term_string}"},"query-input":"required name=search_term_string"}],"inLanguage":"lv-LV"},{"@type":"Organization","@id":"https:\/\/youthments.com\/lv\/#organization","name":"SMARTments","url":"https:\/\/youthments.com\/lv\/","logo":{"@type":"ImageObject","inLanguage":"lv-LV","@id":"https:\/\/youthments.com\/lv\/#\/schema\/logo\/image\/","url":"https:\/\/youthments.com\/wp-content\/uploads\/2020\/12\/smartments-logo-en-1.png","contentUrl":"https:\/\/youthments.com\/wp-content\/uploads\/2020\/12\/smartments-logo-en-1.png","width":1068,"height":194,"caption":"SMARTments"},"image":{"@id":"https:\/\/youthments.com\/lv\/#\/schema\/logo\/image\/"},"sameAs":["https:\/\/www.facebook.com\/SMARTmentsRiga\/","https:\/\/www.instagram.com\/smartments.riga\/"]}]}},"_links":{"self":[{"href":"https:\/\/youthments.com\/lv\/wp-json\/wp\/v2\/pages\/931"}],"collection":[{"href":"https:\/\/youthments.com\/lv\/wp-json\/wp\/v2\/pages"}],"about":[{"href":"https:\/\/youthments.com\/lv\/wp-json\/wp\/v2\/types\/page"}],"author":[{"embeddable":true,"href":"https:\/\/youthments.com\/lv\/wp-json\/wp\/v2\/users\/1"}],"replies":[{"embeddable":true,"href":"https:\/\/youthments.com\/lv\/wp-json\/wp\/v2\/comments?post=931"}],"version-history":[{"count":12,"href":"https:\/\/youthments.com\/lv\/wp-json\/wp\/v2\/pages\/931\/revisions"}],"predecessor-version":[{"id":4337,"href":"https:\/\/youthments.com\/lv\/wp-json\/wp\/v2\/pages\/931\/revisions\/4337"}],"wp:attachment":[{"href":"https:\/\/youthments.com\/lv\/wp-json\/wp\/v2\/media?parent=931"}],"curies":[{"name":"wp","href":"https:\/\/api.w.org\/{rel}","templated":true}]}}