{"id":937,"date":"2020-09-25T03:16:02","date_gmt":"2020-09-25T00:16:02","guid":{"rendered":"https:\/\/smartments.psdev.lv\/reserve\/"},"modified":"2022-03-10T16:27:14","modified_gmt":"2022-03-10T14:27:14","slug":"dzivoklu-ire","status":"publish","type":"page","link":"https:\/\/youthments.com\/lv\/dzivoklu-ire\/","title":{"rendered":"Dz\u012bvok\u013ci"},"content":{"rendered":"<p><span style=\"color: #333333;\">YouthMents pied\u0101v\u0101jum\u0101 ir 90 m\u016bsdien\u012bgu dz\u012bvok\u013cu \u012bre R\u012bg\u0101. Tas b\u016bs ide\u0101li piem\u0113rots m\u0101joklis, ja nepiecie\u0161amas naktsm\u012btnes vienu m\u0113nesi un ilg\u0101k.\u00a0 Dz\u012bvok\u013ci piem\u0113roti vienam vai diviem cilv\u0113kiem. Studentu viesn\u012bca YouthMents pied\u0101v\u0101 5 kategoriju dz\u012bvok\u013cus \u2013 &#8220;<a style=\"color: #333333;\" href=\"https:\/\/youthments.com\/lv\/dzivokli\/comfort\/\">Comfort<\/a>&#8220;, &#8220;<a style=\"color: #333333;\" href=\"https:\/\/youthments.com\/lv\/dzivokli\/comfort-plus\/\">Comfort+<\/a>&#8220;, &#8220;<a style=\"color: #333333;\" href=\"https:\/\/youthments.com\/lv\/dzivokli\/superior-riga\/\">Superior<\/a>&#8220;, &#8220;<a style=\"color: #333333;\" href=\"https:\/\/youthments.com\/lv\/dzivokli\/dzivokli-premium-studio\/\">Premium Studio<\/a>&#8221; un &#8220;<a style=\"color: #333333;\" href=\"https:\/\/youthments.com\/lv\/dzivokli\/premium-riga\/\">Premium Suite<\/a>&#8220;. Visi dz\u012bvok\u013ci ir priv\u0101ti. Visiem dz\u012bvok\u013ciem ir vannas istaba un virtuves zona. Izv\u0113lies to \u012bres dz\u012bvokli, kas vislab\u0101k atbilst tav\u0101m v\u0113lm\u0113m un <a style=\"color: #333333;\" href=\"https:\/\/youthments.com\/lv\/apartment-reservation\/?type=1000\">rezerv\u0113<\/a> t\u016bl\u012bt!<\/span><\/p>\n","protected":false},"excerpt":{"rendered":"<p>YouthMents pied\u0101v\u0101jum\u0101 ir 90 m\u016bsdien\u012bgu dz\u012bvok\u013cu \u012bre R\u012bg\u0101. Tas b\u016bs ide\u0101li piem\u0113rots m\u0101joklis, ja nepiecie\u0161amas naktsm\u012btnes vienu m\u0113nesi un ilg\u0101k.\u00a0 Dz\u012bvok\u013ci piem\u0113roti vienam vai diviem cilv\u0113kiem. Studentu viesn\u012bca YouthMents pied\u0101v\u0101 5 kategoriju dz\u012bvok\u013cus \u2013 &#8220;Comfort&#8220;, &#8220;Comfort+&#8220;, &#8220;Superior&#8220;, &#8220;Premium Studio&#8221; un &#8220;Premium Suite&#8220;. Visi dz\u012bvok\u013ci ir priv\u0101ti. Visiem dz\u012bvok\u013ciem ir vannas istaba un virtuves zona. Izv\u0113lies&#8230;<\/p>\n","protected":false},"author":1,"featured_media":0,"parent":0,"menu_order":0,"comment_status":"closed","ping_status":"closed","template":"reserve.php","meta":{"inline_featured_image":false},"acf":[],"yoast_head":"<!-- This site is optimized with the Yoast SEO plugin v21.8.1 - https:\/\/yoast.com\/wordpress\/plugins\/seo\/ -->\n<title>Dz\u012bvok\u013cu \u012bre R\u012bg\u0101 | Studentu dz\u012bvok\u013ci - YouthMents<\/title>\n<meta name=\"description\" content=\"YouthMents pied\u0101v\u0101jum\u0101 ir 90 m\u016bsdien\u012bgu dz\u012bvok\u013cu \u012bre R\u012bg\u0101. Dz\u012bvok\u013ci piem\u0113roti studentiem un citiem interesentiem. Visu iek\u013caujo\u0161a \u012bres maksa.\" \/>\n<meta name=\"robots\" content=\"index, follow, max-snippet:-1, max-image-preview:large, max-video-preview:-1\" \/>\n<link rel=\"canonical\" href=\"https:\/\/youthments.com\/lv\/dzivoklu-ire\/\" \/>\n<meta property=\"og:locale\" content=\"lv_LV\" \/>\n<meta property=\"og:type\" content=\"article\" \/>\n<meta property=\"og:title\" content=\"Dz\u012bvok\u013cu \u012bre R\u012bg\u0101 | Studentu dz\u012bvok\u013ci - YouthMents\" \/>\n<meta property=\"og:description\" content=\"YouthMents pied\u0101v\u0101jum\u0101 ir 90 m\u016bsdien\u012bgu dz\u012bvok\u013cu \u012bre R\u012bg\u0101. Dz\u012bvok\u013ci piem\u0113roti studentiem un citiem interesentiem. Visu iek\u013caujo\u0161a \u012bres maksa.\" \/>\n<meta property=\"og:url\" content=\"https:\/\/youthments.com\/lv\/dzivoklu-ire\/\" \/>\n<meta property=\"og:site_name\" content=\"youthments.com\" \/>\n<meta property=\"article:publisher\" content=\"https:\/\/www.facebook.com\/SMARTmentsRiga\/\" \/>\n<meta property=\"article:modified_time\" content=\"2022-03-10T14:27:14+00:00\" \/>\n<meta name=\"twitter:card\" content=\"summary_large_image\" \/>\n<meta name=\"twitter:label1\" content=\"Est. reading time\" \/>\n\t<meta name=\"twitter:data1\" content=\"1 minute\" \/>\n<script type=\"application\/ld+json\" class=\"yoast-schema-graph\">{\"@context\":\"https:\/\/schema.org\",\"@graph\":[{\"@type\":\"WebPage\",\"@id\":\"https:\/\/youthments.com\/lv\/dzivoklu-ire\/\",\"url\":\"https:\/\/youthments.com\/lv\/dzivoklu-ire\/\",\"name\":\"Dz\u012bvok\u013cu \u012bre R\u012bg\u0101 | Studentu dz\u012bvok\u013ci - YouthMents\",\"isPartOf\":{\"@id\":\"https:\/\/youthments.com\/lv\/#website\"},\"datePublished\":\"2020-09-25T00:16:02+00:00\",\"dateModified\":\"2022-03-10T14:27:14+00:00\",\"description\":\"YouthMents pied\u0101v\u0101jum\u0101 ir 90 m\u016bsdien\u012bgu dz\u012bvok\u013cu \u012bre R\u012bg\u0101. Dz\u012bvok\u013ci piem\u0113roti studentiem un citiem interesentiem. Visu iek\u013caujo\u0161a \u012bres maksa.\",\"breadcrumb\":{\"@id\":\"https:\/\/youthments.com\/lv\/dzivoklu-ire\/#breadcrumb\"},\"inLanguage\":\"lv-LV\",\"potentialAction\":[{\"@type\":\"ReadAction\",\"target\":[\"https:\/\/youthments.com\/lv\/dzivoklu-ire\/\"]}]},{\"@type\":\"BreadcrumbList\",\"@id\":\"https:\/\/youthments.com\/lv\/dzivoklu-ire\/#breadcrumb\",\"itemListElement\":[{\"@type\":\"ListItem\",\"position\":1,\"name\":\"Home\",\"item\":\"https:\/\/youthments.com\/lv\/\"},{\"@type\":\"ListItem\",\"position\":2,\"name\":\"Dz\u012bvok\u013ci\"}]},{\"@type\":\"WebSite\",\"@id\":\"https:\/\/youthments.com\/lv\/#website\",\"url\":\"https:\/\/youthments.com\/lv\/\",\"name\":\"youthments.com\",\"description\":\"Student Hotel in Riga\",\"publisher\":{\"@id\":\"https:\/\/youthments.com\/lv\/#organization\"},\"potentialAction\":[{\"@type\":\"SearchAction\",\"target\":{\"@type\":\"EntryPoint\",\"urlTemplate\":\"https:\/\/youthments.com\/lv\/?s={search_term_string}\"},\"query-input\":\"required name=search_term_string\"}],\"inLanguage\":\"lv-LV\"},{\"@type\":\"Organization\",\"@id\":\"https:\/\/youthments.com\/lv\/#organization\",\"name\":\"SMARTments\",\"url\":\"https:\/\/youthments.com\/lv\/\",\"logo\":{\"@type\":\"ImageObject\",\"inLanguage\":\"lv-LV\",\"@id\":\"https:\/\/youthments.com\/lv\/#\/schema\/logo\/image\/\",\"url\":\"https:\/\/youthments.com\/wp-content\/uploads\/2020\/12\/smartments-logo-en-1.png\",\"contentUrl\":\"https:\/\/youthments.com\/wp-content\/uploads\/2020\/12\/smartments-logo-en-1.png\",\"width\":1068,\"height\":194,\"caption\":\"SMARTments\"},\"image\":{\"@id\":\"https:\/\/youthments.com\/lv\/#\/schema\/logo\/image\/\"},\"sameAs\":[\"https:\/\/www.facebook.com\/SMARTmentsRiga\/\",\"https:\/\/www.instagram.com\/smartments.riga\/\"]}]}<\/script>\n<!-- \/ Yoast SEO plugin. -->","yoast_head_json":{"title":"Dz\u012bvok\u013cu \u012bre R\u012bg\u0101 | Studentu dz\u012bvok\u013ci - YouthMents","description":"YouthMents pied\u0101v\u0101jum\u0101 ir 90 m\u016bsdien\u012bgu dz\u012bvok\u013cu \u012bre R\u012bg\u0101. Dz\u012bvok\u013ci piem\u0113roti studentiem un citiem interesentiem. Visu iek\u013caujo\u0161a \u012bres maksa.","robots":{"index":"index","follow":"follow","max-snippet":"max-snippet:-1","max-image-preview":"max-image-preview:large","max-video-preview":"max-video-preview:-1"},"canonical":"https:\/\/youthments.com\/lv\/dzivoklu-ire\/","og_locale":"lv_LV","og_type":"article","og_title":"Dz\u012bvok\u013cu \u012bre R\u012bg\u0101 | Studentu dz\u012bvok\u013ci - YouthMents","og_description":"YouthMents pied\u0101v\u0101jum\u0101 ir 90 m\u016bsdien\u012bgu dz\u012bvok\u013cu \u012bre R\u012bg\u0101. Dz\u012bvok\u013ci piem\u0113roti studentiem un citiem interesentiem. Visu iek\u013caujo\u0161a \u012bres maksa.","og_url":"https:\/\/youthments.com\/lv\/dzivoklu-ire\/","og_site_name":"youthments.com","article_publisher":"https:\/\/www.facebook.com\/SMARTmentsRiga\/","article_modified_time":"2022-03-10T14:27:14+00:00","twitter_card":"summary_large_image","twitter_misc":{"Est. reading time":"1 minute"},"schema":{"@context":"https:\/\/schema.org","@graph":[{"@type":"WebPage","@id":"https:\/\/youthments.com\/lv\/dzivoklu-ire\/","url":"https:\/\/youthments.com\/lv\/dzivoklu-ire\/","name":"Dz\u012bvok\u013cu \u012bre R\u012bg\u0101 | Studentu dz\u012bvok\u013ci - YouthMents","isPartOf":{"@id":"https:\/\/youthments.com\/lv\/#website"},"datePublished":"2020-09-25T00:16:02+00:00","dateModified":"2022-03-10T14:27:14+00:00","description":"YouthMents pied\u0101v\u0101jum\u0101 ir 90 m\u016bsdien\u012bgu dz\u012bvok\u013cu \u012bre R\u012bg\u0101. Dz\u012bvok\u013ci piem\u0113roti studentiem un citiem interesentiem. Visu iek\u013caujo\u0161a \u012bres maksa.","breadcrumb":{"@id":"https:\/\/youthments.com\/lv\/dzivoklu-ire\/#breadcrumb"},"inLanguage":"lv-LV","potentialAction":[{"@type":"ReadAction","target":["https:\/\/youthments.com\/lv\/dzivoklu-ire\/"]}]},{"@type":"BreadcrumbList","@id":"https:\/\/youthments.com\/lv\/dzivoklu-ire\/#breadcrumb","itemListElement":[{"@type":"ListItem","position":1,"name":"Home","item":"https:\/\/youthments.com\/lv\/"},{"@type":"ListItem","position":2,"name":"Dz\u012bvok\u013ci"}]},{"@type":"WebSite","@id":"https:\/\/youthments.com\/lv\/#website","url":"https:\/\/youthments.com\/lv\/","name":"youthments.com","description":"Student Hotel in Riga","publisher":{"@id":"https:\/\/youthments.com\/lv\/#organization"},"potentialAction":[{"@type":"SearchAction","target":{"@type":"EntryPoint","urlTemplate":"https:\/\/youthments.com\/lv\/?s={search_term_string}"},"query-input":"required name=search_term_string"}],"inLanguage":"lv-LV"},{"@type":"Organization","@id":"https:\/\/youthments.com\/lv\/#organization","name":"SMARTments","url":"https:\/\/youthments.com\/lv\/","logo":{"@type":"ImageObject","inLanguage":"lv-LV","@id":"https:\/\/youthments.com\/lv\/#\/schema\/logo\/image\/","url":"https:\/\/youthments.com\/wp-content\/uploads\/2020\/12\/smartments-logo-en-1.png","contentUrl":"https:\/\/youthments.com\/wp-content\/uploads\/2020\/12\/smartments-logo-en-1.png","width":1068,"height":194,"caption":"SMARTments"},"image":{"@id":"https:\/\/youthments.com\/lv\/#\/schema\/logo\/image\/"},"sameAs":["https:\/\/www.facebook.com\/SMARTmentsRiga\/","https:\/\/www.instagram.com\/smartments.riga\/"]}]}},"_links":{"self":[{"href":"https:\/\/youthments.com\/lv\/wp-json\/wp\/v2\/pages\/937"}],"collection":[{"href":"https:\/\/youthments.com\/lv\/wp-json\/wp\/v2\/pages"}],"about":[{"href":"https:\/\/youthments.com\/lv\/wp-json\/wp\/v2\/types\/page"}],"author":[{"embeddable":true,"href":"https:\/\/youthments.com\/lv\/wp-json\/wp\/v2\/users\/1"}],"replies":[{"embeddable":true,"href":"https:\/\/youthments.com\/lv\/wp-json\/wp\/v2\/comments?post=937"}],"version-history":[{"count":12,"href":"https:\/\/youthments.com\/lv\/wp-json\/wp\/v2\/pages\/937\/revisions"}],"predecessor-version":[{"id":3406,"href":"https:\/\/youthments.com\/lv\/wp-json\/wp\/v2\/pages\/937\/revisions\/3406"}],"wp:attachment":[{"href":"https:\/\/youthments.com\/lv\/wp-json\/wp\/v2\/media?parent=937"}],"curies":[{"name":"wp","href":"https:\/\/api.w.org\/{rel}","templated":true}]}}